{"id":10145,"date":"2021-07-20T15:36:02","date_gmt":"2021-07-20T13:36:02","guid":{"rendered":"https:\/\/www.kastel.it\/scheda-tecnica-prodotto-e-manutenzione\/"},"modified":"2023-01-16T10:34:42","modified_gmt":"2023-01-16T09:34:42","slug":"technisches-produktdatenblatt-und-pflege","status":"publish","type":"page","link":"https:\/\/www.kastel.it\/de\/technisches-produktdatenblatt-und-pflege\/","title":{"rendered":"Utilities"},"content":{"rendered":"<p>Laden Sie die technischen Produktdatenbl\u00e4tter, die Empfehlungen f\u00fcr die Reinigung der St\u00fchle, der Hocker und der Sofas oder die Montageanleitung der B\u00fcrost\u00fchle und Chefsessel herunter.<\/p>\n","protected":false},"excerpt":{"rendered":"<p>Laden Sie die technischen Produktdatenbl\u00e4tter, die Empfehlungen f\u00fcr die Reinigung der St\u00fchle, der Hocker und der Sofas oder die Montageanleitung der B\u00fcrost\u00fchle und Chefsessel herunter.<\/p>\n","protected":false},"author":1,"featured_media":0,"parent":0,"menu_order":26,"comment_status":"closed","ping_status":"closed","template":"page-utilities.php","meta":{"_acf_changed":false,"inline_featured_image":false,"footnotes":""},"class_list":["post-10145","page","type-page","status-publish","hentry"],"acf":[],"yoast_head":"<!-- This site is optimized with the Yoast SEO plugin v26.1.1 - https:\/\/yoast.com\/wordpress\/plugins\/seo\/ -->\n<title>Technisches Blatt und Wartung Kastel - Kastel<\/title>\n<meta name=\"description\" content=\"Laden Sie das technische Datenblatt Ihres Stuhls, die Empfehlungen f\u00fcr die Reinigung der St\u00fchle, der Hocker und der Polstergruppen oder die Montageanleitungen herunter.\" \/>\n<meta name=\"robots\" content=\"index, follow, max-snippet:-1, max-image-preview:large, max-video-preview:-1\" \/>\n<link rel=\"canonical\" href=\"https:\/\/www.kastel.it\/de\/technisches-produktdatenblatt-und-pflege\/\" \/>\n<meta property=\"og:locale\" content=\"de_DE\" \/>\n<meta property=\"og:type\" content=\"article\" \/>\n<meta property=\"og:title\" content=\"Technisches Blatt und Wartung Kastel - Kastel\" \/>\n<meta property=\"og:description\" content=\"Laden Sie das technische Datenblatt Ihres Stuhls, die Empfehlungen f\u00fcr die Reinigung der St\u00fchle, der Hocker und der Polstergruppen oder die Montageanleitungen herunter.\" \/>\n<meta property=\"og:url\" content=\"https:\/\/www.kastel.it\/de\/technisches-produktdatenblatt-und-pflege\/\" \/>\n<meta property=\"og:site_name\" content=\"Kastel\" \/>\n<meta property=\"article:publisher\" content=\"https:\/\/www.facebook.com\/kasteldesignsrl\/\" \/>\n<meta property=\"article:modified_time\" content=\"2023-01-16T09:34:42+00:00\" \/>\n<meta name=\"twitter:card\" content=\"summary_large_image\" \/>\n<meta name=\"twitter:label1\" content=\"Gesch\u00e4tzte Lesezeit\" \/>\n\t<meta name=\"twitter:data1\" content=\"1\u00a0Minute\" \/>\n<script type=\"application\/ld+json\" class=\"yoast-schema-graph\">{\"@context\":\"https:\/\/schema.org\",\"@graph\":[{\"@type\":\"WebPage\",\"@id\":\"https:\/\/www.kastel.it\/de\/technisches-produktdatenblatt-und-pflege\/\",\"url\":\"https:\/\/www.kastel.it\/de\/technisches-produktdatenblatt-und-pflege\/\",\"name\":\"Technisches Blatt und Wartung Kastel - Kastel\",\"isPartOf\":{\"@id\":\"https:\/\/www.kastel.it\/de\/#website\"},\"datePublished\":\"2021-07-20T13:36:02+00:00\",\"dateModified\":\"2023-01-16T09:34:42+00:00\",\"description\":\"Laden Sie das technische Datenblatt Ihres Stuhls, die Empfehlungen f\u00fcr die Reinigung der St\u00fchle, der Hocker und der Polstergruppen oder die Montageanleitungen herunter.\",\"inLanguage\":\"de\",\"potentialAction\":[{\"@type\":\"ReadAction\",\"target\":[\"https:\/\/www.kastel.it\/de\/technisches-produktdatenblatt-und-pflege\/\"]}]},{\"@type\":\"WebSite\",\"@id\":\"https:\/\/www.kastel.it\/de\/#website\",\"url\":\"https:\/\/www.kastel.it\/de\/\",\"name\":\"Kastel\",\"description\":\"Kastel opera nel settore dell&#039;arredo con produzioni diversificate di sedute per ufficio, comunit\u00e0 e casa. Sedie, tavoli e sgabelli dal design e comfort ricercati.\",\"potentialAction\":[{\"@type\":\"SearchAction\",\"target\":{\"@type\":\"EntryPoint\",\"urlTemplate\":\"https:\/\/www.kastel.it\/de\/?s={search_term_string}\"},\"query-input\":{\"@type\":\"PropertyValueSpecification\",\"valueRequired\":true,\"valueName\":\"search_term_string\"}}],\"inLanguage\":\"de\"}]}<\/script>\n<!-- \/ Yoast SEO plugin. -->","yoast_head_json":{"title":"Technisches Blatt und Wartung Kastel - Kastel","description":"Laden Sie das technische Datenblatt Ihres Stuhls, die Empfehlungen f\u00fcr die Reinigung der St\u00fchle, der Hocker und der Polstergruppen oder die Montageanleitungen herunter.","robots":{"index":"index","follow":"follow","max-snippet":"max-snippet:-1","max-image-preview":"max-image-preview:large","max-video-preview":"max-video-preview:-1"},"canonical":"https:\/\/www.kastel.it\/de\/technisches-produktdatenblatt-und-pflege\/","og_locale":"de_DE","og_type":"article","og_title":"Technisches Blatt und Wartung Kastel - Kastel","og_description":"Laden Sie das technische Datenblatt Ihres Stuhls, die Empfehlungen f\u00fcr die Reinigung der St\u00fchle, der Hocker und der Polstergruppen oder die Montageanleitungen herunter.","og_url":"https:\/\/www.kastel.it\/de\/technisches-produktdatenblatt-und-pflege\/","og_site_name":"Kastel","article_publisher":"https:\/\/www.facebook.com\/kasteldesignsrl\/","article_modified_time":"2023-01-16T09:34:42+00:00","twitter_card":"summary_large_image","twitter_misc":{"Gesch\u00e4tzte Lesezeit":"1\u00a0Minute"},"schema":{"@context":"https:\/\/schema.org","@graph":[{"@type":"WebPage","@id":"https:\/\/www.kastel.it\/de\/technisches-produktdatenblatt-und-pflege\/","url":"https:\/\/www.kastel.it\/de\/technisches-produktdatenblatt-und-pflege\/","name":"Technisches Blatt und Wartung Kastel - Kastel","isPartOf":{"@id":"https:\/\/www.kastel.it\/de\/#website"},"datePublished":"2021-07-20T13:36:02+00:00","dateModified":"2023-01-16T09:34:42+00:00","description":"Laden Sie das technische Datenblatt Ihres Stuhls, die Empfehlungen f\u00fcr die Reinigung der St\u00fchle, der Hocker und der Polstergruppen oder die Montageanleitungen herunter.","inLanguage":"de","potentialAction":[{"@type":"ReadAction","target":["https:\/\/www.kastel.it\/de\/technisches-produktdatenblatt-und-pflege\/"]}]},{"@type":"WebSite","@id":"https:\/\/www.kastel.it\/de\/#website","url":"https:\/\/www.kastel.it\/de\/","name":"Kastel","description":"Kastel opera nel settore dell&#039;arredo con produzioni diversificate di sedute per ufficio, comunit\u00e0 e casa. Sedie, tavoli e sgabelli dal design e comfort ricercati.","potentialAction":[{"@type":"SearchAction","target":{"@type":"EntryPoint","urlTemplate":"https:\/\/www.kastel.it\/de\/?s={search_term_string}"},"query-input":{"@type":"PropertyValueSpecification","valueRequired":true,"valueName":"search_term_string"}}],"inLanguage":"de"}]}},"_links":{"self":[{"href":"https:\/\/www.kastel.it\/de\/wp-json\/wp\/v2\/pages\/10145","targetHints":{"allow":["GET"]}}],"collection":[{"href":"https:\/\/www.kastel.it\/de\/wp-json\/wp\/v2\/pages"}],"about":[{"href":"https:\/\/www.kastel.it\/de\/wp-json\/wp\/v2\/types\/page"}],"author":[{"embeddable":true,"href":"https:\/\/www.kastel.it\/de\/wp-json\/wp\/v2\/users\/1"}],"replies":[{"embeddable":true,"href":"https:\/\/www.kastel.it\/de\/wp-json\/wp\/v2\/comments?post=10145"}],"version-history":[{"count":0,"href":"https:\/\/www.kastel.it\/de\/wp-json\/wp\/v2\/pages\/10145\/revisions"}],"wp:attachment":[{"href":"https:\/\/www.kastel.it\/de\/wp-json\/wp\/v2\/media?parent=10145"}],"curies":[{"name":"wp","href":"https:\/\/api.w.org\/{rel}","templated":true}]}}