{"id":10152,"date":"2021-05-27T17:53:31","date_gmt":"2021-05-27T15:53:31","guid":{"rendered":"https:\/\/www.kastel.it\/prodotti-arredo-ufficio-design\/"},"modified":"2021-10-20T13:51:35","modified_gmt":"2021-10-20T11:51:35","slug":"produkte-designbueromoebel","status":"publish","type":"page","link":"https:\/\/www.kastel.it\/de\/produkte-designbueromoebel\/","title":{"rendered":"Produkte"},"content":{"rendered":"<p>Designb\u00fcrom\u00f6bel. Verschiedene Formen und Ausf\u00fchrungen, welche sich zu jeden Einrichtungsl\u00f6sungen anpassen.<br \/>\nNavigieren Sie durch die Produkte Kastel nach Kollektion oder entdecken Sie die L\u00f6sungen passend zu jedem Raum und Ambiente. Qualit\u00e4t und Design f\u00fcr die B\u00fcroeinrichtung und viel mehr.<\/p>\n","protected":false},"excerpt":{"rendered":"<p>Designb\u00fcrom\u00f6bel. Verschiedene Formen und Ausf\u00fchrungen, welche sich zu jeden Einrichtungsl\u00f6sungen anpassen. Navigieren Sie durch die Produkte Kastel nach Kollektion oder entdecken Sie die L\u00f6sungen passend zu jedem Raum und Ambiente. Qualit\u00e4t und Design f\u00fcr die B\u00fcroeinrichtung und viel mehr.<\/p>\n","protected":false},"author":1,"featured_media":0,"parent":0,"menu_order":61,"comment_status":"closed","ping_status":"closed","template":"page-prodotti.php","meta":{"_acf_changed":false,"inline_featured_image":false,"footnotes":""},"class_list":["post-10152","page","type-page","status-publish","hentry"],"acf":[],"yoast_head":"<!-- This site is optimized with the Yoast SEO plugin v26.1.1 - https:\/\/yoast.com\/wordpress\/plugins\/seo\/ -->\n<title>Designb\u00fcrom\u00f6bel - Kastel<\/title>\n<meta name=\"description\" content=\"Designb\u00fcrom\u00f6bel. Verschiedene Formen und Ausf\u00fchrungen, welche sich zu jeden Einrichtungsl\u00f6sungen anpassen\" \/>\n<meta name=\"robots\" content=\"index, follow, max-snippet:-1, max-image-preview:large, max-video-preview:-1\" \/>\n<link rel=\"canonical\" href=\"https:\/\/www.kastel.it\/de\/produkte-designbueromoebel\/\" \/>\n<meta property=\"og:locale\" content=\"de_DE\" \/>\n<meta property=\"og:type\" content=\"article\" \/>\n<meta property=\"og:title\" content=\"Designb\u00fcrom\u00f6bel - Kastel\" \/>\n<meta property=\"og:description\" content=\"Designb\u00fcrom\u00f6bel. Verschiedene Formen und Ausf\u00fchrungen, welche sich zu jeden Einrichtungsl\u00f6sungen anpassen\" \/>\n<meta property=\"og:url\" content=\"https:\/\/www.kastel.it\/de\/produkte-designbueromoebel\/\" \/>\n<meta property=\"og:site_name\" content=\"Kastel\" \/>\n<meta property=\"article:publisher\" content=\"https:\/\/www.facebook.com\/kasteldesignsrl\/\" \/>\n<meta property=\"article:modified_time\" content=\"2021-10-20T11:51:35+00:00\" \/>\n<meta name=\"twitter:card\" content=\"summary_large_image\" \/>\n<meta name=\"twitter:label1\" content=\"Gesch\u00e4tzte Lesezeit\" \/>\n\t<meta name=\"twitter:data1\" content=\"1\u00a0Minute\" \/>\n<script type=\"application\/ld+json\" class=\"yoast-schema-graph\">{\"@context\":\"https:\/\/schema.org\",\"@graph\":[{\"@type\":\"WebPage\",\"@id\":\"https:\/\/www.kastel.it\/de\/produkte-designbueromoebel\/\",\"url\":\"https:\/\/www.kastel.it\/de\/produkte-designbueromoebel\/\",\"name\":\"Designb\u00fcrom\u00f6bel - Kastel\",\"isPartOf\":{\"@id\":\"https:\/\/www.kastel.it\/de\/#website\"},\"datePublished\":\"2021-05-27T15:53:31+00:00\",\"dateModified\":\"2021-10-20T11:51:35+00:00\",\"description\":\"Designb\u00fcrom\u00f6bel. Verschiedene Formen und Ausf\u00fchrungen, welche sich zu jeden Einrichtungsl\u00f6sungen anpassen\",\"inLanguage\":\"de\",\"potentialAction\":[{\"@type\":\"ReadAction\",\"target\":[\"https:\/\/www.kastel.it\/de\/produkte-designbueromoebel\/\"]}]},{\"@type\":\"WebSite\",\"@id\":\"https:\/\/www.kastel.it\/de\/#website\",\"url\":\"https:\/\/www.kastel.it\/de\/\",\"name\":\"Kastel\",\"description\":\"Kastel opera nel settore dell&#039;arredo con produzioni diversificate di sedute per ufficio, comunit\u00e0 e casa. Sedie, tavoli e sgabelli dal design e comfort ricercati.\",\"potentialAction\":[{\"@type\":\"SearchAction\",\"target\":{\"@type\":\"EntryPoint\",\"urlTemplate\":\"https:\/\/www.kastel.it\/de\/?s={search_term_string}\"},\"query-input\":{\"@type\":\"PropertyValueSpecification\",\"valueRequired\":true,\"valueName\":\"search_term_string\"}}],\"inLanguage\":\"de\"}]}<\/script>\n<!-- \/ Yoast SEO plugin. -->","yoast_head_json":{"title":"Designb\u00fcrom\u00f6bel - Kastel","description":"Designb\u00fcrom\u00f6bel. Verschiedene Formen und Ausf\u00fchrungen, welche sich zu jeden Einrichtungsl\u00f6sungen anpassen","robots":{"index":"index","follow":"follow","max-snippet":"max-snippet:-1","max-image-preview":"max-image-preview:large","max-video-preview":"max-video-preview:-1"},"canonical":"https:\/\/www.kastel.it\/de\/produkte-designbueromoebel\/","og_locale":"de_DE","og_type":"article","og_title":"Designb\u00fcrom\u00f6bel - Kastel","og_description":"Designb\u00fcrom\u00f6bel. Verschiedene Formen und Ausf\u00fchrungen, welche sich zu jeden Einrichtungsl\u00f6sungen anpassen","og_url":"https:\/\/www.kastel.it\/de\/produkte-designbueromoebel\/","og_site_name":"Kastel","article_publisher":"https:\/\/www.facebook.com\/kasteldesignsrl\/","article_modified_time":"2021-10-20T11:51:35+00:00","twitter_card":"summary_large_image","twitter_misc":{"Gesch\u00e4tzte Lesezeit":"1\u00a0Minute"},"schema":{"@context":"https:\/\/schema.org","@graph":[{"@type":"WebPage","@id":"https:\/\/www.kastel.it\/de\/produkte-designbueromoebel\/","url":"https:\/\/www.kastel.it\/de\/produkte-designbueromoebel\/","name":"Designb\u00fcrom\u00f6bel - Kastel","isPartOf":{"@id":"https:\/\/www.kastel.it\/de\/#website"},"datePublished":"2021-05-27T15:53:31+00:00","dateModified":"2021-10-20T11:51:35+00:00","description":"Designb\u00fcrom\u00f6bel. Verschiedene Formen und Ausf\u00fchrungen, welche sich zu jeden Einrichtungsl\u00f6sungen anpassen","inLanguage":"de","potentialAction":[{"@type":"ReadAction","target":["https:\/\/www.kastel.it\/de\/produkte-designbueromoebel\/"]}]},{"@type":"WebSite","@id":"https:\/\/www.kastel.it\/de\/#website","url":"https:\/\/www.kastel.it\/de\/","name":"Kastel","description":"Kastel opera nel settore dell&#039;arredo con produzioni diversificate di sedute per ufficio, comunit\u00e0 e casa. Sedie, tavoli e sgabelli dal design e comfort ricercati.","potentialAction":[{"@type":"SearchAction","target":{"@type":"EntryPoint","urlTemplate":"https:\/\/www.kastel.it\/de\/?s={search_term_string}"},"query-input":{"@type":"PropertyValueSpecification","valueRequired":true,"valueName":"search_term_string"}}],"inLanguage":"de"}]}},"_links":{"self":[{"href":"https:\/\/www.kastel.it\/de\/wp-json\/wp\/v2\/pages\/10152","targetHints":{"allow":["GET"]}}],"collection":[{"href":"https:\/\/www.kastel.it\/de\/wp-json\/wp\/v2\/pages"}],"about":[{"href":"https:\/\/www.kastel.it\/de\/wp-json\/wp\/v2\/types\/page"}],"author":[{"embeddable":true,"href":"https:\/\/www.kastel.it\/de\/wp-json\/wp\/v2\/users\/1"}],"replies":[{"embeddable":true,"href":"https:\/\/www.kastel.it\/de\/wp-json\/wp\/v2\/comments?post=10152"}],"version-history":[{"count":0,"href":"https:\/\/www.kastel.it\/de\/wp-json\/wp\/v2\/pages\/10152\/revisions"}],"wp:attachment":[{"href":"https:\/\/www.kastel.it\/de\/wp-json\/wp\/v2\/media?parent=10152"}],"curies":[{"name":"wp","href":"https:\/\/api.w.org\/{rel}","templated":true}]}}