{"id":3719,"date":"2013-04-11T16:06:13","date_gmt":"2013-04-11T14:06:13","guid":{"rendered":"https:\/\/www.kastel.it\/de\/spazio-espositvo\/"},"modified":"2021-10-12T16:42:45","modified_gmt":"2021-10-12T14:42:45","slug":"ausstellungsraum-ausstellungsraum-sitzplatz-buero","status":"publish","type":"page","link":"https:\/\/www.kastel.it\/de\/ausstellungsraum-ausstellungsraum-sitzplatz-buero\/","title":{"rendered":"Showroom"},"content":{"rendered":"<p>Eine dynamische Ausstellung, in welcher man den Charakter, die Pers\u00f6nlichkeit und die Philosophie des Unternehmens wiedererkennen kann<\/p>\n<p>Wagen, versuchen, gewinnen.<br \/>\nJetzt k\u00f6nnen Sie die Welt von Kastel ansehen und erleben.<\/p>\n","protected":false},"excerpt":{"rendered":"<p>Eine dynamische Ausstellung, in welcher man den Charakter, die Pers\u00f6nlichkeit und die Philosophie des Unternehmens wiedererkennen kann Wagen, versuchen, gewinnen. Jetzt k\u00f6nnen Sie die Welt von Kastel ansehen und erleben.<\/p>\n","protected":false},"author":1,"featured_media":0,"parent":0,"menu_order":101,"comment_status":"closed","ping_status":"closed","template":"page-showroom.php","meta":{"_acf_changed":false,"inline_featured_image":false,"footnotes":""},"class_list":["post-3719","page","type-page","status-publish","hentry"],"acf":[],"yoast_head":"<!-- This site is optimized with the Yoast SEO plugin v26.1.1 - https:\/\/yoast.com\/wordpress\/plugins\/seo\/ -->\n<title>Unser Ausstellungsraum - Kastel<\/title>\n<meta name=\"description\" content=\"Eine dynamische Ausstellung, bei der man sofort den Charakter, die Pers\u00f6nlichkeit und die Philosophie des Unternehmens durch die B\u00fcrost\u00fchle wahrnehmen kann.\" \/>\n<meta name=\"robots\" content=\"index, follow, max-snippet:-1, max-image-preview:large, max-video-preview:-1\" \/>\n<link rel=\"canonical\" href=\"https:\/\/www.kastel.it\/de\/ausstellungsraum-ausstellungsraum-sitzplatz-buero\/\" \/>\n<meta property=\"og:locale\" content=\"de_DE\" \/>\n<meta property=\"og:type\" content=\"article\" \/>\n<meta property=\"og:title\" content=\"Unser Ausstellungsraum - Kastel\" \/>\n<meta property=\"og:description\" content=\"Eine dynamische Ausstellung, bei der man sofort den Charakter, die Pers\u00f6nlichkeit und die Philosophie des Unternehmens durch die B\u00fcrost\u00fchle wahrnehmen kann.\" \/>\n<meta property=\"og:url\" content=\"https:\/\/www.kastel.it\/de\/ausstellungsraum-ausstellungsraum-sitzplatz-buero\/\" \/>\n<meta property=\"og:site_name\" content=\"Kastel\" \/>\n<meta property=\"article:publisher\" content=\"https:\/\/www.facebook.com\/kasteldesignsrl\/\" \/>\n<meta property=\"article:modified_time\" content=\"2021-10-12T14:42:45+00:00\" \/>\n<meta name=\"twitter:card\" content=\"summary_large_image\" \/>\n<meta name=\"twitter:label1\" content=\"Gesch\u00e4tzte Lesezeit\" \/>\n\t<meta name=\"twitter:data1\" content=\"1\u00a0Minute\" \/>\n<script type=\"application\/ld+json\" class=\"yoast-schema-graph\">{\"@context\":\"https:\/\/schema.org\",\"@graph\":[{\"@type\":\"WebPage\",\"@id\":\"https:\/\/www.kastel.it\/de\/ausstellungsraum-ausstellungsraum-sitzplatz-buero\/\",\"url\":\"https:\/\/www.kastel.it\/de\/ausstellungsraum-ausstellungsraum-sitzplatz-buero\/\",\"name\":\"Unser Ausstellungsraum - Kastel\",\"isPartOf\":{\"@id\":\"https:\/\/www.kastel.it\/de\/#website\"},\"datePublished\":\"2013-04-11T14:06:13+00:00\",\"dateModified\":\"2021-10-12T14:42:45+00:00\",\"description\":\"Eine dynamische Ausstellung, bei der man sofort den Charakter, die Pers\u00f6nlichkeit und die Philosophie des Unternehmens durch die B\u00fcrost\u00fchle wahrnehmen kann.\",\"inLanguage\":\"de\",\"potentialAction\":[{\"@type\":\"ReadAction\",\"target\":[\"https:\/\/www.kastel.it\/de\/ausstellungsraum-ausstellungsraum-sitzplatz-buero\/\"]}]},{\"@type\":\"WebSite\",\"@id\":\"https:\/\/www.kastel.it\/de\/#website\",\"url\":\"https:\/\/www.kastel.it\/de\/\",\"name\":\"Kastel\",\"description\":\"Kastel opera nel settore dell&#039;arredo con produzioni diversificate di sedute per ufficio, comunit\u00e0 e casa. Sedie, tavoli e sgabelli dal design e comfort ricercati.\",\"potentialAction\":[{\"@type\":\"SearchAction\",\"target\":{\"@type\":\"EntryPoint\",\"urlTemplate\":\"https:\/\/www.kastel.it\/de\/?s={search_term_string}\"},\"query-input\":{\"@type\":\"PropertyValueSpecification\",\"valueRequired\":true,\"valueName\":\"search_term_string\"}}],\"inLanguage\":\"de\"}]}<\/script>\n<!-- \/ Yoast SEO plugin. -->","yoast_head_json":{"title":"Unser Ausstellungsraum - Kastel","description":"Eine dynamische Ausstellung, bei der man sofort den Charakter, die Pers\u00f6nlichkeit und die Philosophie des Unternehmens durch die B\u00fcrost\u00fchle wahrnehmen kann.","robots":{"index":"index","follow":"follow","max-snippet":"max-snippet:-1","max-image-preview":"max-image-preview:large","max-video-preview":"max-video-preview:-1"},"canonical":"https:\/\/www.kastel.it\/de\/ausstellungsraum-ausstellungsraum-sitzplatz-buero\/","og_locale":"de_DE","og_type":"article","og_title":"Unser Ausstellungsraum - Kastel","og_description":"Eine dynamische Ausstellung, bei der man sofort den Charakter, die Pers\u00f6nlichkeit und die Philosophie des Unternehmens durch die B\u00fcrost\u00fchle wahrnehmen kann.","og_url":"https:\/\/www.kastel.it\/de\/ausstellungsraum-ausstellungsraum-sitzplatz-buero\/","og_site_name":"Kastel","article_publisher":"https:\/\/www.facebook.com\/kasteldesignsrl\/","article_modified_time":"2021-10-12T14:42:45+00:00","twitter_card":"summary_large_image","twitter_misc":{"Gesch\u00e4tzte Lesezeit":"1\u00a0Minute"},"schema":{"@context":"https:\/\/schema.org","@graph":[{"@type":"WebPage","@id":"https:\/\/www.kastel.it\/de\/ausstellungsraum-ausstellungsraum-sitzplatz-buero\/","url":"https:\/\/www.kastel.it\/de\/ausstellungsraum-ausstellungsraum-sitzplatz-buero\/","name":"Unser Ausstellungsraum - Kastel","isPartOf":{"@id":"https:\/\/www.kastel.it\/de\/#website"},"datePublished":"2013-04-11T14:06:13+00:00","dateModified":"2021-10-12T14:42:45+00:00","description":"Eine dynamische Ausstellung, bei der man sofort den Charakter, die Pers\u00f6nlichkeit und die Philosophie des Unternehmens durch die B\u00fcrost\u00fchle wahrnehmen kann.","inLanguage":"de","potentialAction":[{"@type":"ReadAction","target":["https:\/\/www.kastel.it\/de\/ausstellungsraum-ausstellungsraum-sitzplatz-buero\/"]}]},{"@type":"WebSite","@id":"https:\/\/www.kastel.it\/de\/#website","url":"https:\/\/www.kastel.it\/de\/","name":"Kastel","description":"Kastel opera nel settore dell&#039;arredo con produzioni diversificate di sedute per ufficio, comunit\u00e0 e casa. Sedie, tavoli e sgabelli dal design e comfort ricercati.","potentialAction":[{"@type":"SearchAction","target":{"@type":"EntryPoint","urlTemplate":"https:\/\/www.kastel.it\/de\/?s={search_term_string}"},"query-input":{"@type":"PropertyValueSpecification","valueRequired":true,"valueName":"search_term_string"}}],"inLanguage":"de"}]}},"_links":{"self":[{"href":"https:\/\/www.kastel.it\/de\/wp-json\/wp\/v2\/pages\/3719","targetHints":{"allow":["GET"]}}],"collection":[{"href":"https:\/\/www.kastel.it\/de\/wp-json\/wp\/v2\/pages"}],"about":[{"href":"https:\/\/www.kastel.it\/de\/wp-json\/wp\/v2\/types\/page"}],"author":[{"embeddable":true,"href":"https:\/\/www.kastel.it\/de\/wp-json\/wp\/v2\/users\/1"}],"replies":[{"embeddable":true,"href":"https:\/\/www.kastel.it\/de\/wp-json\/wp\/v2\/comments?post=3719"}],"version-history":[{"count":0,"href":"https:\/\/www.kastel.it\/de\/wp-json\/wp\/v2\/pages\/3719\/revisions"}],"wp:attachment":[{"href":"https:\/\/www.kastel.it\/de\/wp-json\/wp\/v2\/media?parent=3719"}],"curies":[{"name":"wp","href":"https:\/\/api.w.org\/{rel}","templated":true}]}}