{"id":3721,"date":"2013-04-11T15:10:06","date_gmt":"2013-04-11T13:10:06","guid":{"rendered":"https:\/\/www.kastel.it\/de\/profilo-aziendale\/"},"modified":"2021-10-11T15:08:03","modified_gmt":"2021-10-11T13:08:03","slug":"firmenprofil","status":"publish","type":"page","link":"https:\/\/www.kastel.it\/de\/firmenprofil\/","title":{"rendered":"Firmenprofil"},"content":{"rendered":"<p>Kastel operiert erfolgreich im Einrichtungssektor mit einer Produktvielfalt von St\u00fchlen f\u00fcr B\u00fcro, Objekt und \u00f6ffentliche R\u00e4ume.<\/p>\n<p>Komfort verbunden mit Design. Das ist das Motto des Unternehmens, der Grundsatz, der sich durch jede Produktionsphase wiederfindet.<\/p>\n<p>Jeder Vorschlag aus dem Hause Kastel geht durch eine sehr gr\u00fcndliche Analyse, was Ergonomie, Form-Raum Verh\u00e4ltnis, Auswahl der Materialen und Farben betrifft.<br \/>\nH\u00f6chste Funktionalit\u00e4t gepaart mit gutem Image anzubieten und dabei eine gleich bleibende Qualit\u00e4t zu garantieren ist das Ziel.<br \/>\nKastel ist ein wichtiges Vorbild geworden, auch dank h\u00f6chster Professionalit\u00e4t und Kompetenz der Mitarbeiter, die sich auf dem neuesten Stand bem\u00fchen, den Anspr\u00fcchen des Marktes gerecht werden.<\/p>\n","protected":false},"excerpt":{"rendered":"<p>Kastel operiert erfolgreich im Einrichtungssektor mit einer Produktvielfalt von St\u00fchlen f\u00fcr B\u00fcro, Objekt und \u00f6ffentliche R\u00e4ume. Komfort verbunden mit Design. Das ist das Motto des Unternehmens, der Grundsatz, der sich durch jede Produktionsphase wiederfindet. Jeder Vorschlag aus dem Hause Kastel&#8230;<\/p>\n","protected":false},"author":1,"featured_media":0,"parent":0,"menu_order":96,"comment_status":"closed","ping_status":"closed","template":"","meta":{"_acf_changed":false,"inline_featured_image":false,"footnotes":""},"class_list":["post-3721","page","type-page","status-publish","hentry"],"acf":[],"yoast_head":"<!-- This site is optimized with the Yoast SEO plugin v26.1.1 - https:\/\/yoast.com\/wordpress\/plugins\/seo\/ -->\n<title>Firmenprofil - Kastel<\/title>\n<meta name=\"robots\" content=\"index, follow, max-snippet:-1, max-image-preview:large, max-video-preview:-1\" \/>\n<link rel=\"canonical\" href=\"https:\/\/www.kastel.it\/de\/firmenprofil\/\" \/>\n<meta property=\"og:locale\" content=\"de_DE\" \/>\n<meta property=\"og:type\" content=\"article\" \/>\n<meta property=\"og:title\" content=\"Firmenprofil - Kastel\" \/>\n<meta property=\"og:description\" content=\"Kastel operiert erfolgreich im Einrichtungssektor mit einer Produktvielfalt von St\u00fchlen f\u00fcr B\u00fcro, Objekt und \u00f6ffentliche R\u00e4ume. Komfort verbunden mit Design. Das ist das Motto des Unternehmens, der Grundsatz, der sich durch jede Produktionsphase wiederfindet. Jeder Vorschlag aus dem Hause Kastel...\" \/>\n<meta property=\"og:url\" content=\"https:\/\/www.kastel.it\/de\/firmenprofil\/\" \/>\n<meta property=\"og:site_name\" content=\"Kastel\" \/>\n<meta property=\"article:publisher\" content=\"https:\/\/www.facebook.com\/kasteldesignsrl\/\" \/>\n<meta property=\"article:modified_time\" content=\"2021-10-11T13:08:03+00:00\" \/>\n<meta name=\"twitter:card\" content=\"summary_large_image\" \/>\n<meta name=\"twitter:label1\" content=\"Gesch\u00e4tzte Lesezeit\" \/>\n\t<meta name=\"twitter:data1\" content=\"1\u00a0Minute\" \/>\n<script type=\"application\/ld+json\" class=\"yoast-schema-graph\">{\"@context\":\"https:\/\/schema.org\",\"@graph\":[{\"@type\":\"WebPage\",\"@id\":\"https:\/\/www.kastel.it\/de\/firmenprofil\/\",\"url\":\"https:\/\/www.kastel.it\/de\/firmenprofil\/\",\"name\":\"Firmenprofil - Kastel\",\"isPartOf\":{\"@id\":\"https:\/\/www.kastel.it\/de\/#website\"},\"datePublished\":\"2013-04-11T13:10:06+00:00\",\"dateModified\":\"2021-10-11T13:08:03+00:00\",\"inLanguage\":\"de\",\"potentialAction\":[{\"@type\":\"ReadAction\",\"target\":[\"https:\/\/www.kastel.it\/de\/firmenprofil\/\"]}]},{\"@type\":\"WebSite\",\"@id\":\"https:\/\/www.kastel.it\/de\/#website\",\"url\":\"https:\/\/www.kastel.it\/de\/\",\"name\":\"Kastel\",\"description\":\"Kastel opera nel settore dell&#039;arredo con produzioni diversificate di sedute per ufficio, comunit\u00e0 e casa. Sedie, tavoli e sgabelli dal design e comfort ricercati.\",\"potentialAction\":[{\"@type\":\"SearchAction\",\"target\":{\"@type\":\"EntryPoint\",\"urlTemplate\":\"https:\/\/www.kastel.it\/de\/?s={search_term_string}\"},\"query-input\":{\"@type\":\"PropertyValueSpecification\",\"valueRequired\":true,\"valueName\":\"search_term_string\"}}],\"inLanguage\":\"de\"}]}<\/script>\n<!-- \/ Yoast SEO plugin. -->","yoast_head_json":{"title":"Firmenprofil - Kastel","robots":{"index":"index","follow":"follow","max-snippet":"max-snippet:-1","max-image-preview":"max-image-preview:large","max-video-preview":"max-video-preview:-1"},"canonical":"https:\/\/www.kastel.it\/de\/firmenprofil\/","og_locale":"de_DE","og_type":"article","og_title":"Firmenprofil - Kastel","og_description":"Kastel operiert erfolgreich im Einrichtungssektor mit einer Produktvielfalt von St\u00fchlen f\u00fcr B\u00fcro, Objekt und \u00f6ffentliche R\u00e4ume. Komfort verbunden mit Design. Das ist das Motto des Unternehmens, der Grundsatz, der sich durch jede Produktionsphase wiederfindet. Jeder Vorschlag aus dem Hause Kastel...","og_url":"https:\/\/www.kastel.it\/de\/firmenprofil\/","og_site_name":"Kastel","article_publisher":"https:\/\/www.facebook.com\/kasteldesignsrl\/","article_modified_time":"2021-10-11T13:08:03+00:00","twitter_card":"summary_large_image","twitter_misc":{"Gesch\u00e4tzte Lesezeit":"1\u00a0Minute"},"schema":{"@context":"https:\/\/schema.org","@graph":[{"@type":"WebPage","@id":"https:\/\/www.kastel.it\/de\/firmenprofil\/","url":"https:\/\/www.kastel.it\/de\/firmenprofil\/","name":"Firmenprofil - Kastel","isPartOf":{"@id":"https:\/\/www.kastel.it\/de\/#website"},"datePublished":"2013-04-11T13:10:06+00:00","dateModified":"2021-10-11T13:08:03+00:00","inLanguage":"de","potentialAction":[{"@type":"ReadAction","target":["https:\/\/www.kastel.it\/de\/firmenprofil\/"]}]},{"@type":"WebSite","@id":"https:\/\/www.kastel.it\/de\/#website","url":"https:\/\/www.kastel.it\/de\/","name":"Kastel","description":"Kastel opera nel settore dell&#039;arredo con produzioni diversificate di sedute per ufficio, comunit\u00e0 e casa. Sedie, tavoli e sgabelli dal design e comfort ricercati.","potentialAction":[{"@type":"SearchAction","target":{"@type":"EntryPoint","urlTemplate":"https:\/\/www.kastel.it\/de\/?s={search_term_string}"},"query-input":{"@type":"PropertyValueSpecification","valueRequired":true,"valueName":"search_term_string"}}],"inLanguage":"de"}]}},"_links":{"self":[{"href":"https:\/\/www.kastel.it\/de\/wp-json\/wp\/v2\/pages\/3721","targetHints":{"allow":["GET"]}}],"collection":[{"href":"https:\/\/www.kastel.it\/de\/wp-json\/wp\/v2\/pages"}],"about":[{"href":"https:\/\/www.kastel.it\/de\/wp-json\/wp\/v2\/types\/page"}],"author":[{"embeddable":true,"href":"https:\/\/www.kastel.it\/de\/wp-json\/wp\/v2\/users\/1"}],"replies":[{"embeddable":true,"href":"https:\/\/www.kastel.it\/de\/wp-json\/wp\/v2\/comments?post=3721"}],"version-history":[{"count":0,"href":"https:\/\/www.kastel.it\/de\/wp-json\/wp\/v2\/pages\/3721\/revisions"}],"wp:attachment":[{"href":"https:\/\/www.kastel.it\/de\/wp-json\/wp\/v2\/media?parent=3721"}],"curies":[{"name":"wp","href":"https:\/\/api.w.org\/{rel}","templated":true}]}}