{"id":3727,"date":"2013-04-09T10:52:52","date_gmt":"2013-04-09T08:52:52","guid":{"rendered":"https:\/\/www.kastel.it\/de\/pagina-di-esempio\/"},"modified":"2024-05-30T09:23:29","modified_gmt":"2024-05-30T07:23:29","slug":"homepage","status":"publish","type":"page","link":"https:\/\/www.kastel.it\/de\/","title":{"rendered":"Startseite"},"content":{"rendered":"","protected":false},"excerpt":{"rendered":"","protected":false},"author":1,"featured_media":0,"parent":0,"menu_order":76,"comment_status":"closed","ping_status":"closed","template":"page-home.php","meta":{"_acf_changed":false,"inline_featured_image":false,"footnotes":""},"class_list":["post-3727","page","type-page","status-publish","hentry"],"acf":[],"yoast_head":"<!-- This site is optimized with the Yoast SEO plugin v26.1.1 - https:\/\/yoast.com\/wordpress\/plugins\/seo\/ -->\n<title>St\u00fchle f\u00fcr B\u00fcro und Gemeinschaft - Kastel<\/title>\n<meta name=\"description\" content=\"B\u00fcrom\u00f6bel entwerfen. Es werden verschiedene Formen und Ausf\u00fchrungen vorgeschlagen, die f\u00fcr jede Art von M\u00f6beln oder Verwendungszweck geeignet sind.\" \/>\n<meta name=\"robots\" content=\"index, follow, max-snippet:-1, max-image-preview:large, max-video-preview:-1\" \/>\n<link rel=\"canonical\" href=\"https:\/\/www.kastel.it\/de\/\" \/>\n<meta property=\"og:locale\" content=\"de_DE\" \/>\n<meta property=\"og:type\" content=\"article\" \/>\n<meta property=\"og:title\" content=\"St\u00fchle f\u00fcr B\u00fcro und Gemeinschaft - Kastel\" \/>\n<meta property=\"og:description\" content=\"B\u00fcrom\u00f6bel entwerfen. Es werden verschiedene Formen und Ausf\u00fchrungen vorgeschlagen, die f\u00fcr jede Art von M\u00f6beln oder Verwendungszweck geeignet sind.\" \/>\n<meta property=\"og:url\" content=\"https:\/\/www.kastel.it\/de\/\" \/>\n<meta property=\"og:site_name\" content=\"Kastel\" \/>\n<meta property=\"article:publisher\" content=\"https:\/\/www.facebook.com\/kasteldesignsrl\/\" \/>\n<meta property=\"article:modified_time\" content=\"2024-05-30T07:23:29+00:00\" \/>\n<meta name=\"twitter:card\" content=\"summary_large_image\" \/>\n<script type=\"application\/ld+json\" class=\"yoast-schema-graph\">{\"@context\":\"https:\/\/schema.org\",\"@graph\":[{\"@type\":\"WebPage\",\"@id\":\"https:\/\/www.kastel.it\/de\/\",\"url\":\"https:\/\/www.kastel.it\/de\/\",\"name\":\"St\u00fchle f\u00fcr B\u00fcro und Gemeinschaft - Kastel\",\"isPartOf\":{\"@id\":\"https:\/\/www.kastel.it\/de\/#website\"},\"datePublished\":\"2013-04-09T08:52:52+00:00\",\"dateModified\":\"2024-05-30T07:23:29+00:00\",\"description\":\"B\u00fcrom\u00f6bel entwerfen. Es werden verschiedene Formen und Ausf\u00fchrungen vorgeschlagen, die f\u00fcr jede Art von M\u00f6beln oder Verwendungszweck geeignet sind.\",\"inLanguage\":\"de\",\"potentialAction\":[{\"@type\":\"ReadAction\",\"target\":[\"https:\/\/www.kastel.it\/de\/\"]}]},{\"@type\":\"WebSite\",\"@id\":\"https:\/\/www.kastel.it\/de\/#website\",\"url\":\"https:\/\/www.kastel.it\/de\/\",\"name\":\"Kastel\",\"description\":\"Kastel opera nel settore dell&#039;arredo con produzioni diversificate di sedute per ufficio, comunit\u00e0 e casa. Sedie, tavoli e sgabelli dal design e comfort ricercati.\",\"potentialAction\":[{\"@type\":\"SearchAction\",\"target\":{\"@type\":\"EntryPoint\",\"urlTemplate\":\"https:\/\/www.kastel.it\/de\/?s={search_term_string}\"},\"query-input\":{\"@type\":\"PropertyValueSpecification\",\"valueRequired\":true,\"valueName\":\"search_term_string\"}}],\"inLanguage\":\"de\"}]}<\/script>\n<!-- \/ Yoast SEO plugin. -->","yoast_head_json":{"title":"St\u00fchle f\u00fcr B\u00fcro und Gemeinschaft - Kastel","description":"B\u00fcrom\u00f6bel entwerfen. Es werden verschiedene Formen und Ausf\u00fchrungen vorgeschlagen, die f\u00fcr jede Art von M\u00f6beln oder Verwendungszweck geeignet sind.","robots":{"index":"index","follow":"follow","max-snippet":"max-snippet:-1","max-image-preview":"max-image-preview:large","max-video-preview":"max-video-preview:-1"},"canonical":"https:\/\/www.kastel.it\/de\/","og_locale":"de_DE","og_type":"article","og_title":"St\u00fchle f\u00fcr B\u00fcro und Gemeinschaft - Kastel","og_description":"B\u00fcrom\u00f6bel entwerfen. Es werden verschiedene Formen und Ausf\u00fchrungen vorgeschlagen, die f\u00fcr jede Art von M\u00f6beln oder Verwendungszweck geeignet sind.","og_url":"https:\/\/www.kastel.it\/de\/","og_site_name":"Kastel","article_publisher":"https:\/\/www.facebook.com\/kasteldesignsrl\/","article_modified_time":"2024-05-30T07:23:29+00:00","twitter_card":"summary_large_image","schema":{"@context":"https:\/\/schema.org","@graph":[{"@type":"WebPage","@id":"https:\/\/www.kastel.it\/de\/","url":"https:\/\/www.kastel.it\/de\/","name":"St\u00fchle f\u00fcr B\u00fcro und Gemeinschaft - Kastel","isPartOf":{"@id":"https:\/\/www.kastel.it\/de\/#website"},"datePublished":"2013-04-09T08:52:52+00:00","dateModified":"2024-05-30T07:23:29+00:00","description":"B\u00fcrom\u00f6bel entwerfen. Es werden verschiedene Formen und Ausf\u00fchrungen vorgeschlagen, die f\u00fcr jede Art von M\u00f6beln oder Verwendungszweck geeignet sind.","inLanguage":"de","potentialAction":[{"@type":"ReadAction","target":["https:\/\/www.kastel.it\/de\/"]}]},{"@type":"WebSite","@id":"https:\/\/www.kastel.it\/de\/#website","url":"https:\/\/www.kastel.it\/de\/","name":"Kastel","description":"Kastel opera nel settore dell&#039;arredo con produzioni diversificate di sedute per ufficio, comunit\u00e0 e casa. Sedie, tavoli e sgabelli dal design e comfort ricercati.","potentialAction":[{"@type":"SearchAction","target":{"@type":"EntryPoint","urlTemplate":"https:\/\/www.kastel.it\/de\/?s={search_term_string}"},"query-input":{"@type":"PropertyValueSpecification","valueRequired":true,"valueName":"search_term_string"}}],"inLanguage":"de"}]}},"_links":{"self":[{"href":"https:\/\/www.kastel.it\/de\/wp-json\/wp\/v2\/pages\/3727","targetHints":{"allow":["GET"]}}],"collection":[{"href":"https:\/\/www.kastel.it\/de\/wp-json\/wp\/v2\/pages"}],"about":[{"href":"https:\/\/www.kastel.it\/de\/wp-json\/wp\/v2\/types\/page"}],"author":[{"embeddable":true,"href":"https:\/\/www.kastel.it\/de\/wp-json\/wp\/v2\/users\/1"}],"replies":[{"embeddable":true,"href":"https:\/\/www.kastel.it\/de\/wp-json\/wp\/v2\/comments?post=3727"}],"version-history":[{"count":0,"href":"https:\/\/www.kastel.it\/de\/wp-json\/wp\/v2\/pages\/3727\/revisions"}],"wp:attachment":[{"href":"https:\/\/www.kastel.it\/de\/wp-json\/wp\/v2\/media?parent=3727"}],"curies":[{"name":"wp","href":"https:\/\/api.w.org\/{rel}","templated":true}]}}