{"id":14626,"date":"2024-02-26T09:32:21","date_gmt":"2024-02-26T08:32:21","guid":{"rendered":"https:\/\/www.kastel.it\/cam-criteri-ambientali-minimi\/"},"modified":"2026-02-25T09:43:31","modified_gmt":"2026-02-25T08:43:31","slug":"cam-criterios-ambientales-minimos","status":"publish","type":"page","link":"https:\/\/www.kastel.it\/es\/cam-criterios-ambientales-minimos\/","title":{"rendered":"CAM-GPP"},"content":{"rendered":"<p><strong>Kastel con el fin de favorecer la participaci\u00f3n de sus clientes en los procedimientos GPP (compra verde) de la Administraci\u00f3n P\u00fablica ha trabajado en la redacci\u00f3n de los carteles CAM (Criterios M\u00ednimos Ambientales).<\/strong><br \/>\nKastel, de hecho, ofrece una selecci\u00f3n de sillas y sillones que cumplen con los requisitos y especificaciones t\u00e9cnicas de la certificaci\u00f3n CAM Arredi 2022.<\/p>\n","protected":false},"excerpt":{"rendered":"<p>Kastel con el fin de favorecer la participaci\u00f3n de sus clientes en los procedimientos GPP (compra verde) de la Administraci\u00f3n P\u00fablica ha trabajado en la redacci\u00f3n de los carteles CAM (Criterios M\u00ednimos Ambientales). Kastel, de hecho, ofrece una selecci\u00f3n de&#8230;<\/p>\n","protected":false},"author":1,"featured_media":0,"parent":0,"menu_order":17,"comment_status":"closed","ping_status":"closed","template":"page-cam.php","meta":{"_acf_changed":false,"inline_featured_image":false,"footnotes":""},"class_list":["post-14626","page","type-page","status-publish","hentry"],"acf":[],"yoast_head":"<!-- This site is optimized with the Yoast SEO plugin v26.1.1 - https:\/\/yoast.com\/wordpress\/plugins\/seo\/ -->\n<title>Sillas y sillones certificados CAM (Criterios Ambientales M\u00ednimos) Mobiliario - Kastel<\/title>\n<meta name=\"description\" content=\"Kastel ofrece una selecci\u00f3n de sillas y sillones que cumplen con los requisitos y especificaciones t\u00e9cnicas de la certificaci\u00f3n CAM (Criterios Ambientales M\u00ednimos) Arredi 2022.\" \/>\n<meta name=\"robots\" content=\"index, follow, max-snippet:-1, max-image-preview:large, max-video-preview:-1\" \/>\n<link rel=\"canonical\" href=\"https:\/\/www.kastel.it\/es\/cam-criterios-ambientales-minimos\/\" \/>\n<meta property=\"og:locale\" content=\"es_ES\" \/>\n<meta property=\"og:type\" content=\"article\" \/>\n<meta property=\"og:title\" content=\"Sillas y sillones certificados CAM (Criterios Ambientales M\u00ednimos) Mobiliario - Kastel\" \/>\n<meta property=\"og:description\" content=\"Kastel ofrece una selecci\u00f3n de sillas y sillones que cumplen con los requisitos y especificaciones t\u00e9cnicas de la certificaci\u00f3n CAM (Criterios Ambientales M\u00ednimos) Arredi 2022.\" \/>\n<meta property=\"og:url\" content=\"https:\/\/www.kastel.it\/es\/cam-criterios-ambientales-minimos\/\" \/>\n<meta property=\"og:site_name\" content=\"Kastel\" \/>\n<meta property=\"article:publisher\" content=\"https:\/\/www.facebook.com\/kasteldesignsrl\/\" \/>\n<meta property=\"article:modified_time\" content=\"2026-02-25T08:43:31+00:00\" \/>\n<meta name=\"twitter:card\" content=\"summary_large_image\" \/>\n<meta name=\"twitter:label1\" content=\"Tiempo de lectura\" \/>\n\t<meta name=\"twitter:data1\" content=\"1 minuto\" \/>\n<script type=\"application\/ld+json\" class=\"yoast-schema-graph\">{\"@context\":\"https:\/\/schema.org\",\"@graph\":[{\"@type\":\"WebPage\",\"@id\":\"https:\/\/www.kastel.it\/es\/cam-criterios-ambientales-minimos\/\",\"url\":\"https:\/\/www.kastel.it\/es\/cam-criterios-ambientales-minimos\/\",\"name\":\"Sillas y sillones certificados CAM (Criterios Ambientales M\u00ednimos) Mobiliario - Kastel\",\"isPartOf\":{\"@id\":\"https:\/\/www.kastel.it\/es\/#website\"},\"datePublished\":\"2024-02-26T08:32:21+00:00\",\"dateModified\":\"2026-02-25T08:43:31+00:00\",\"description\":\"Kastel ofrece una selecci\u00f3n de sillas y sillones que cumplen con los requisitos y especificaciones t\u00e9cnicas de la certificaci\u00f3n CAM (Criterios Ambientales M\u00ednimos) Arredi 2022.\",\"inLanguage\":\"es\",\"potentialAction\":[{\"@type\":\"ReadAction\",\"target\":[\"https:\/\/www.kastel.it\/es\/cam-criterios-ambientales-minimos\/\"]}]},{\"@type\":\"WebSite\",\"@id\":\"https:\/\/www.kastel.it\/es\/#website\",\"url\":\"https:\/\/www.kastel.it\/es\/\",\"name\":\"Kastel\",\"description\":\"Kastel opera nel settore dell&#039;arredo con produzioni diversificate di sedute per ufficio, comunit\u00e0 e casa. Sedie, tavoli e sgabelli dal design e comfort ricercati.\",\"potentialAction\":[{\"@type\":\"SearchAction\",\"target\":{\"@type\":\"EntryPoint\",\"urlTemplate\":\"https:\/\/www.kastel.it\/es\/?s={search_term_string}\"},\"query-input\":{\"@type\":\"PropertyValueSpecification\",\"valueRequired\":true,\"valueName\":\"search_term_string\"}}],\"inLanguage\":\"es\"}]}<\/script>\n<!-- \/ Yoast SEO plugin. -->","yoast_head_json":{"title":"Sillas y sillones certificados CAM (Criterios Ambientales M\u00ednimos) Mobiliario - Kastel","description":"Kastel ofrece una selecci\u00f3n de sillas y sillones que cumplen con los requisitos y especificaciones t\u00e9cnicas de la certificaci\u00f3n CAM (Criterios Ambientales M\u00ednimos) Arredi 2022.","robots":{"index":"index","follow":"follow","max-snippet":"max-snippet:-1","max-image-preview":"max-image-preview:large","max-video-preview":"max-video-preview:-1"},"canonical":"https:\/\/www.kastel.it\/es\/cam-criterios-ambientales-minimos\/","og_locale":"es_ES","og_type":"article","og_title":"Sillas y sillones certificados CAM (Criterios Ambientales M\u00ednimos) Mobiliario - Kastel","og_description":"Kastel ofrece una selecci\u00f3n de sillas y sillones que cumplen con los requisitos y especificaciones t\u00e9cnicas de la certificaci\u00f3n CAM (Criterios Ambientales M\u00ednimos) Arredi 2022.","og_url":"https:\/\/www.kastel.it\/es\/cam-criterios-ambientales-minimos\/","og_site_name":"Kastel","article_publisher":"https:\/\/www.facebook.com\/kasteldesignsrl\/","article_modified_time":"2026-02-25T08:43:31+00:00","twitter_card":"summary_large_image","twitter_misc":{"Tiempo de lectura":"1 minuto"},"schema":{"@context":"https:\/\/schema.org","@graph":[{"@type":"WebPage","@id":"https:\/\/www.kastel.it\/es\/cam-criterios-ambientales-minimos\/","url":"https:\/\/www.kastel.it\/es\/cam-criterios-ambientales-minimos\/","name":"Sillas y sillones certificados CAM (Criterios Ambientales M\u00ednimos) Mobiliario - Kastel","isPartOf":{"@id":"https:\/\/www.kastel.it\/es\/#website"},"datePublished":"2024-02-26T08:32:21+00:00","dateModified":"2026-02-25T08:43:31+00:00","description":"Kastel ofrece una selecci\u00f3n de sillas y sillones que cumplen con los requisitos y especificaciones t\u00e9cnicas de la certificaci\u00f3n CAM (Criterios Ambientales M\u00ednimos) Arredi 2022.","inLanguage":"es","potentialAction":[{"@type":"ReadAction","target":["https:\/\/www.kastel.it\/es\/cam-criterios-ambientales-minimos\/"]}]},{"@type":"WebSite","@id":"https:\/\/www.kastel.it\/es\/#website","url":"https:\/\/www.kastel.it\/es\/","name":"Kastel","description":"Kastel opera nel settore dell&#039;arredo con produzioni diversificate di sedute per ufficio, comunit\u00e0 e casa. Sedie, tavoli e sgabelli dal design e comfort ricercati.","potentialAction":[{"@type":"SearchAction","target":{"@type":"EntryPoint","urlTemplate":"https:\/\/www.kastel.it\/es\/?s={search_term_string}"},"query-input":{"@type":"PropertyValueSpecification","valueRequired":true,"valueName":"search_term_string"}}],"inLanguage":"es"}]}},"_links":{"self":[{"href":"https:\/\/www.kastel.it\/es\/wp-json\/wp\/v2\/pages\/14626","targetHints":{"allow":["GET"]}}],"collection":[{"href":"https:\/\/www.kastel.it\/es\/wp-json\/wp\/v2\/pages"}],"about":[{"href":"https:\/\/www.kastel.it\/es\/wp-json\/wp\/v2\/types\/page"}],"author":[{"embeddable":true,"href":"https:\/\/www.kastel.it\/es\/wp-json\/wp\/v2\/users\/1"}],"replies":[{"embeddable":true,"href":"https:\/\/www.kastel.it\/es\/wp-json\/wp\/v2\/comments?post=14626"}],"version-history":[{"count":5,"href":"https:\/\/www.kastel.it\/es\/wp-json\/wp\/v2\/pages\/14626\/revisions"}],"predecessor-version":[{"id":15475,"href":"https:\/\/www.kastel.it\/es\/wp-json\/wp\/v2\/pages\/14626\/revisions\/15475"}],"wp:attachment":[{"href":"https:\/\/www.kastel.it\/es\/wp-json\/wp\/v2\/media?parent=14626"}],"curies":[{"name":"wp","href":"https:\/\/api.w.org\/{rel}","templated":true}]}}