{"id":14627,"date":"2023-04-28T10:27:58","date_gmt":"2023-04-28T08:27:58","guid":{"rendered":"https:\/\/www.kastel.it\/cataloghi-kastel\/"},"modified":"2025-10-09T15:27:37","modified_gmt":"2025-10-09T13:27:37","slug":"catalogos-kastel","status":"publish","type":"page","link":"https:\/\/www.kastel.it\/es\/catalogos-kastel\/","title":{"rendered":"Cat\u00e1logos"},"content":{"rendered":"<p><em>Seating for feel-good projects<\/em> es el nuevo concepto que expresa el mundo fluido y ecl\u00e9ctico de Kastel a trav\u00e9s de tres nuevos cat\u00e1logos, totalmente revisados en t\u00e9rminos gr\u00e1ficos y de contenido.<\/p>\n<p>Bienestar, confort y calidad se declinan en la amplia oferta de Kastel: <em>Seating for a feel-good Community<\/em> para ambientes dedicados a la comunidad, <em>Seating for a feel-good Office<\/em> para oficinas operativas y ejecutivas, y <em>Seating for a feel-good Waiting<\/em> para todos los espacios reservados a la espera.<\/p>\n<p>Un mundo, muchas soluciones diferentes, una variada selecci\u00f3n de acabados para dar personalidad y estilo a cada contexto.<\/p>\n","protected":false},"excerpt":{"rendered":"<p>Seating for feel-good projects es el nuevo concepto que expresa el mundo fluido y ecl\u00e9ctico de Kastel a trav\u00e9s de tres nuevos cat\u00e1logos, totalmente revisados en t\u00e9rminos gr\u00e1ficos y de contenido. Bienestar, confort y calidad se declinan en la amplia&#8230;<\/p>\n","protected":false},"author":1,"featured_media":0,"parent":0,"menu_order":22,"comment_status":"closed","ping_status":"closed","template":"page-cataloghi.php","meta":{"_acf_changed":false,"inline_featured_image":false,"footnotes":""},"class_list":["post-14627","page","type-page","status-publish","hentry"],"acf":[],"yoast_head":"<!-- This site is optimized with the Yoast SEO plugin v26.1.1 - https:\/\/yoast.com\/wordpress\/plugins\/seo\/ -->\n<title>Cat\u00e1logos - Kastel<\/title>\n<meta name=\"description\" content=\"Seating for feel-good projects es el nuevo concepto que expresa el mundo fluido y ecl\u00e9ctico de Kastel a trav\u00e9s de tres nuevos cat\u00e1logos.\" \/>\n<meta name=\"robots\" content=\"index, follow, max-snippet:-1, max-image-preview:large, max-video-preview:-1\" \/>\n<link rel=\"canonical\" href=\"https:\/\/www.kastel.it\/es\/catalogos-kastel\/\" \/>\n<meta property=\"og:locale\" content=\"es_ES\" \/>\n<meta property=\"og:type\" content=\"article\" \/>\n<meta property=\"og:title\" content=\"Cat\u00e1logos - Kastel\" \/>\n<meta property=\"og:description\" content=\"Seating for feel-good projects es el nuevo concepto que expresa el mundo fluido y ecl\u00e9ctico de Kastel a trav\u00e9s de tres nuevos cat\u00e1logos.\" \/>\n<meta property=\"og:url\" content=\"https:\/\/www.kastel.it\/es\/catalogos-kastel\/\" \/>\n<meta property=\"og:site_name\" content=\"Kastel\" \/>\n<meta property=\"article:publisher\" content=\"https:\/\/www.facebook.com\/kasteldesignsrl\/\" \/>\n<meta property=\"article:modified_time\" content=\"2025-10-09T13:27:37+00:00\" \/>\n<meta name=\"twitter:card\" content=\"summary_large_image\" \/>\n<meta name=\"twitter:label1\" content=\"Tiempo de lectura\" \/>\n\t<meta name=\"twitter:data1\" content=\"1 minuto\" \/>\n<script type=\"application\/ld+json\" class=\"yoast-schema-graph\">{\"@context\":\"https:\/\/schema.org\",\"@graph\":[{\"@type\":\"WebPage\",\"@id\":\"https:\/\/www.kastel.it\/es\/catalogos-kastel\/\",\"url\":\"https:\/\/www.kastel.it\/es\/catalogos-kastel\/\",\"name\":\"Cat\u00e1logos - Kastel\",\"isPartOf\":{\"@id\":\"https:\/\/www.kastel.it\/es\/#website\"},\"datePublished\":\"2023-04-28T08:27:58+00:00\",\"dateModified\":\"2025-10-09T13:27:37+00:00\",\"description\":\"Seating for feel-good projects es el nuevo concepto que expresa el mundo fluido y ecl\u00e9ctico de Kastel a trav\u00e9s de tres nuevos cat\u00e1logos.\",\"inLanguage\":\"es\",\"potentialAction\":[{\"@type\":\"ReadAction\",\"target\":[\"https:\/\/www.kastel.it\/es\/catalogos-kastel\/\"]}]},{\"@type\":\"WebSite\",\"@id\":\"https:\/\/www.kastel.it\/es\/#website\",\"url\":\"https:\/\/www.kastel.it\/es\/\",\"name\":\"Kastel\",\"description\":\"Kastel opera nel settore dell&#039;arredo con produzioni diversificate di sedute per ufficio, comunit\u00e0 e casa. Sedie, tavoli e sgabelli dal design e comfort ricercati.\",\"potentialAction\":[{\"@type\":\"SearchAction\",\"target\":{\"@type\":\"EntryPoint\",\"urlTemplate\":\"https:\/\/www.kastel.it\/es\/?s={search_term_string}\"},\"query-input\":{\"@type\":\"PropertyValueSpecification\",\"valueRequired\":true,\"valueName\":\"search_term_string\"}}],\"inLanguage\":\"es\"}]}<\/script>\n<!-- \/ Yoast SEO plugin. -->","yoast_head_json":{"title":"Cat\u00e1logos - Kastel","description":"Seating for feel-good projects es el nuevo concepto que expresa el mundo fluido y ecl\u00e9ctico de Kastel a trav\u00e9s de tres nuevos cat\u00e1logos.","robots":{"index":"index","follow":"follow","max-snippet":"max-snippet:-1","max-image-preview":"max-image-preview:large","max-video-preview":"max-video-preview:-1"},"canonical":"https:\/\/www.kastel.it\/es\/catalogos-kastel\/","og_locale":"es_ES","og_type":"article","og_title":"Cat\u00e1logos - Kastel","og_description":"Seating for feel-good projects es el nuevo concepto que expresa el mundo fluido y ecl\u00e9ctico de Kastel a trav\u00e9s de tres nuevos cat\u00e1logos.","og_url":"https:\/\/www.kastel.it\/es\/catalogos-kastel\/","og_site_name":"Kastel","article_publisher":"https:\/\/www.facebook.com\/kasteldesignsrl\/","article_modified_time":"2025-10-09T13:27:37+00:00","twitter_card":"summary_large_image","twitter_misc":{"Tiempo de lectura":"1 minuto"},"schema":{"@context":"https:\/\/schema.org","@graph":[{"@type":"WebPage","@id":"https:\/\/www.kastel.it\/es\/catalogos-kastel\/","url":"https:\/\/www.kastel.it\/es\/catalogos-kastel\/","name":"Cat\u00e1logos - Kastel","isPartOf":{"@id":"https:\/\/www.kastel.it\/es\/#website"},"datePublished":"2023-04-28T08:27:58+00:00","dateModified":"2025-10-09T13:27:37+00:00","description":"Seating for feel-good projects es el nuevo concepto que expresa el mundo fluido y ecl\u00e9ctico de Kastel a trav\u00e9s de tres nuevos cat\u00e1logos.","inLanguage":"es","potentialAction":[{"@type":"ReadAction","target":["https:\/\/www.kastel.it\/es\/catalogos-kastel\/"]}]},{"@type":"WebSite","@id":"https:\/\/www.kastel.it\/es\/#website","url":"https:\/\/www.kastel.it\/es\/","name":"Kastel","description":"Kastel opera nel settore dell&#039;arredo con produzioni diversificate di sedute per ufficio, comunit\u00e0 e casa. Sedie, tavoli e sgabelli dal design e comfort ricercati.","potentialAction":[{"@type":"SearchAction","target":{"@type":"EntryPoint","urlTemplate":"https:\/\/www.kastel.it\/es\/?s={search_term_string}"},"query-input":{"@type":"PropertyValueSpecification","valueRequired":true,"valueName":"search_term_string"}}],"inLanguage":"es"}]}},"_links":{"self":[{"href":"https:\/\/www.kastel.it\/es\/wp-json\/wp\/v2\/pages\/14627","targetHints":{"allow":["GET"]}}],"collection":[{"href":"https:\/\/www.kastel.it\/es\/wp-json\/wp\/v2\/pages"}],"about":[{"href":"https:\/\/www.kastel.it\/es\/wp-json\/wp\/v2\/types\/page"}],"author":[{"embeddable":true,"href":"https:\/\/www.kastel.it\/es\/wp-json\/wp\/v2\/users\/1"}],"replies":[{"embeddable":true,"href":"https:\/\/www.kastel.it\/es\/wp-json\/wp\/v2\/comments?post=14627"}],"version-history":[{"count":1,"href":"https:\/\/www.kastel.it\/es\/wp-json\/wp\/v2\/pages\/14627\/revisions"}],"predecessor-version":[{"id":15223,"href":"https:\/\/www.kastel.it\/es\/wp-json\/wp\/v2\/pages\/14627\/revisions\/15223"}],"wp:attachment":[{"href":"https:\/\/www.kastel.it\/es\/wp-json\/wp\/v2\/media?parent=14627"}],"curies":[{"name":"wp","href":"https:\/\/api.w.org\/{rel}","templated":true}]}}