{"id":14628,"date":"2021-07-20T15:36:02","date_gmt":"2021-07-20T13:36:02","guid":{"rendered":"https:\/\/www.kastel.it\/scheda-tecnica-prodotto-e-manutenzione\/"},"modified":"2025-10-09T15:27:37","modified_gmt":"2025-10-09T13:27:37","slug":"ficha-tecnica-producto-y-mantenimiento","status":"publish","type":"page","link":"https:\/\/www.kastel.it\/es\/ficha-tecnica-producto-y-mantenimiento\/","title":{"rendered":"Utilities"},"content":{"rendered":"<p>Descarga la ficha t\u00e9cnica de tu silla, consejos de limpieza para sillas, taburetes y sof\u00e1s o instrucciones de montaje para sillas directivas y operativas.<\/p>\n","protected":false},"excerpt":{"rendered":"<p>Descarga la ficha t\u00e9cnica de tu silla, consejos de limpieza para sillas, taburetes y sof\u00e1s o instrucciones de montaje para sillas directivas y operativas.<\/p>\n","protected":false},"author":1,"featured_media":0,"parent":0,"menu_order":27,"comment_status":"closed","ping_status":"closed","template":"page-utilities.php","meta":{"_acf_changed":false,"inline_featured_image":false,"footnotes":""},"class_list":["post-14628","page","type-page","status-publish","hentry"],"acf":[],"yoast_head":"<!-- This site is optimized with the Yoast SEO plugin v26.1.1 - https:\/\/yoast.com\/wordpress\/plugins\/seo\/ -->\n<title>Ficha t\u00e9cnica y mantenimiento Kastel - Kastel<\/title>\n<meta name=\"description\" content=\"Descarga la ficha t\u00e9cnica de tu silla, consejos de limpieza para sillas, taburetes y sof\u00e1s o las instrucciones de montaje.\" \/>\n<meta name=\"robots\" content=\"index, follow, max-snippet:-1, max-image-preview:large, max-video-preview:-1\" \/>\n<link rel=\"canonical\" href=\"https:\/\/www.kastel.it\/es\/ficha-tecnica-producto-y-mantenimiento\/\" \/>\n<meta property=\"og:locale\" content=\"es_ES\" \/>\n<meta property=\"og:type\" content=\"article\" \/>\n<meta property=\"og:title\" content=\"Ficha t\u00e9cnica y mantenimiento Kastel - Kastel\" \/>\n<meta property=\"og:description\" content=\"Descarga la ficha t\u00e9cnica de tu silla, consejos de limpieza para sillas, taburetes y sof\u00e1s o las instrucciones de montaje.\" \/>\n<meta property=\"og:url\" content=\"https:\/\/www.kastel.it\/es\/ficha-tecnica-producto-y-mantenimiento\/\" \/>\n<meta property=\"og:site_name\" content=\"Kastel\" \/>\n<meta property=\"article:publisher\" content=\"https:\/\/www.facebook.com\/kasteldesignsrl\/\" \/>\n<meta property=\"article:modified_time\" content=\"2025-10-09T13:27:37+00:00\" \/>\n<meta name=\"twitter:card\" content=\"summary_large_image\" \/>\n<meta name=\"twitter:label1\" content=\"Tiempo de lectura\" \/>\n\t<meta name=\"twitter:data1\" content=\"1 minuto\" \/>\n<script type=\"application\/ld+json\" class=\"yoast-schema-graph\">{\"@context\":\"https:\/\/schema.org\",\"@graph\":[{\"@type\":\"WebPage\",\"@id\":\"https:\/\/www.kastel.it\/es\/ficha-tecnica-producto-y-mantenimiento\/\",\"url\":\"https:\/\/www.kastel.it\/es\/ficha-tecnica-producto-y-mantenimiento\/\",\"name\":\"Ficha t\u00e9cnica y mantenimiento Kastel - Kastel\",\"isPartOf\":{\"@id\":\"https:\/\/www.kastel.it\/es\/#website\"},\"datePublished\":\"2021-07-20T13:36:02+00:00\",\"dateModified\":\"2025-10-09T13:27:37+00:00\",\"description\":\"Descarga la ficha t\u00e9cnica de tu silla, consejos de limpieza para sillas, taburetes y sof\u00e1s o las instrucciones de montaje.\",\"inLanguage\":\"es\",\"potentialAction\":[{\"@type\":\"ReadAction\",\"target\":[\"https:\/\/www.kastel.it\/es\/ficha-tecnica-producto-y-mantenimiento\/\"]}]},{\"@type\":\"WebSite\",\"@id\":\"https:\/\/www.kastel.it\/es\/#website\",\"url\":\"https:\/\/www.kastel.it\/es\/\",\"name\":\"Kastel\",\"description\":\"Kastel opera nel settore dell&#039;arredo con produzioni diversificate di sedute per ufficio, comunit\u00e0 e casa. Sedie, tavoli e sgabelli dal design e comfort ricercati.\",\"potentialAction\":[{\"@type\":\"SearchAction\",\"target\":{\"@type\":\"EntryPoint\",\"urlTemplate\":\"https:\/\/www.kastel.it\/es\/?s={search_term_string}\"},\"query-input\":{\"@type\":\"PropertyValueSpecification\",\"valueRequired\":true,\"valueName\":\"search_term_string\"}}],\"inLanguage\":\"es\"}]}<\/script>\n<!-- \/ Yoast SEO plugin. -->","yoast_head_json":{"title":"Ficha t\u00e9cnica y mantenimiento Kastel - Kastel","description":"Descarga la ficha t\u00e9cnica de tu silla, consejos de limpieza para sillas, taburetes y sof\u00e1s o las instrucciones de montaje.","robots":{"index":"index","follow":"follow","max-snippet":"max-snippet:-1","max-image-preview":"max-image-preview:large","max-video-preview":"max-video-preview:-1"},"canonical":"https:\/\/www.kastel.it\/es\/ficha-tecnica-producto-y-mantenimiento\/","og_locale":"es_ES","og_type":"article","og_title":"Ficha t\u00e9cnica y mantenimiento Kastel - Kastel","og_description":"Descarga la ficha t\u00e9cnica de tu silla, consejos de limpieza para sillas, taburetes y sof\u00e1s o las instrucciones de montaje.","og_url":"https:\/\/www.kastel.it\/es\/ficha-tecnica-producto-y-mantenimiento\/","og_site_name":"Kastel","article_publisher":"https:\/\/www.facebook.com\/kasteldesignsrl\/","article_modified_time":"2025-10-09T13:27:37+00:00","twitter_card":"summary_large_image","twitter_misc":{"Tiempo de lectura":"1 minuto"},"schema":{"@context":"https:\/\/schema.org","@graph":[{"@type":"WebPage","@id":"https:\/\/www.kastel.it\/es\/ficha-tecnica-producto-y-mantenimiento\/","url":"https:\/\/www.kastel.it\/es\/ficha-tecnica-producto-y-mantenimiento\/","name":"Ficha t\u00e9cnica y mantenimiento Kastel - Kastel","isPartOf":{"@id":"https:\/\/www.kastel.it\/es\/#website"},"datePublished":"2021-07-20T13:36:02+00:00","dateModified":"2025-10-09T13:27:37+00:00","description":"Descarga la ficha t\u00e9cnica de tu silla, consejos de limpieza para sillas, taburetes y sof\u00e1s o las instrucciones de montaje.","inLanguage":"es","potentialAction":[{"@type":"ReadAction","target":["https:\/\/www.kastel.it\/es\/ficha-tecnica-producto-y-mantenimiento\/"]}]},{"@type":"WebSite","@id":"https:\/\/www.kastel.it\/es\/#website","url":"https:\/\/www.kastel.it\/es\/","name":"Kastel","description":"Kastel opera nel settore dell&#039;arredo con produzioni diversificate di sedute per ufficio, comunit\u00e0 e casa. Sedie, tavoli e sgabelli dal design e comfort ricercati.","potentialAction":[{"@type":"SearchAction","target":{"@type":"EntryPoint","urlTemplate":"https:\/\/www.kastel.it\/es\/?s={search_term_string}"},"query-input":{"@type":"PropertyValueSpecification","valueRequired":true,"valueName":"search_term_string"}}],"inLanguage":"es"}]}},"_links":{"self":[{"href":"https:\/\/www.kastel.it\/es\/wp-json\/wp\/v2\/pages\/14628","targetHints":{"allow":["GET"]}}],"collection":[{"href":"https:\/\/www.kastel.it\/es\/wp-json\/wp\/v2\/pages"}],"about":[{"href":"https:\/\/www.kastel.it\/es\/wp-json\/wp\/v2\/types\/page"}],"author":[{"embeddable":true,"href":"https:\/\/www.kastel.it\/es\/wp-json\/wp\/v2\/users\/1"}],"replies":[{"embeddable":true,"href":"https:\/\/www.kastel.it\/es\/wp-json\/wp\/v2\/comments?post=14628"}],"version-history":[{"count":1,"href":"https:\/\/www.kastel.it\/es\/wp-json\/wp\/v2\/pages\/14628\/revisions"}],"predecessor-version":[{"id":15224,"href":"https:\/\/www.kastel.it\/es\/wp-json\/wp\/v2\/pages\/14628\/revisions\/15224"}],"wp:attachment":[{"href":"https:\/\/www.kastel.it\/es\/wp-json\/wp\/v2\/media?parent=14628"}],"curies":[{"name":"wp","href":"https:\/\/api.w.org\/{rel}","templated":true}]}}