{"id":14634,"date":"2021-05-28T12:28:01","date_gmt":"2021-05-28T10:28:01","guid":{"rendered":"https:\/\/www.kastel.it\/azienda-settore-arredo-sedute-ufficio-comunita-casa\/"},"modified":"2025-10-09T15:27:37","modified_gmt":"2025-10-09T13:27:37","slug":"empresa-sector-muebles-asientos-oficina-comunidad-hogar","status":"publish","type":"page","link":"https:\/\/www.kastel.it\/es\/empresa-sector-muebles-asientos-oficina-comunidad-hogar\/","title":{"rendered":"Empresa"},"content":{"rendered":"<h2>Kastel opera con \u00e9xito en el sector del mobiliario con producciones diversificadas de asientos de oficina, colectividades y hogar.<\/h2>\n<p><img decoding=\"async\" class=\"img-fullwidth img-multiply\" src=\"https:\/\/www.kastel.it\/wp-content\/uploads\/2021\/06\/kastel-azienda.png\" \/><\/p>\n<h2>Proponiendo confort en combinaci\u00f3n con dise\u00f1o. Esta es la misi\u00f3n de la empresa, el principio que gu\u00eda cada paso de la producci\u00f3n.<\/h2>\n<p>.<\/p>\n<h2>Cada propuesta de Kastel es el resultado de un profundo an\u00e1lisis en t\u00e9rminos de ergonom\u00eda, relaci\u00f3n entre espacio y forma, selecci\u00f3n de materiales y elecci\u00f3n de colores. Ofreciendo la m\u00e1xima funcionalidad asociada a una imagen de alto prestigio, y garantizando una calidad constante en la ejecuci\u00f3n.<\/h2>\n","protected":false},"excerpt":{"rendered":"<p>Kastel opera con \u00e9xito en el sector del mobiliario con producciones diversificadas de asientos de oficina, colectividades y hogar. Proponiendo confort en combinaci\u00f3n con dise\u00f1o. Esta es la misi\u00f3n de la empresa, el principio que gu\u00eda cada paso de la&#8230;<\/p>\n","protected":false},"author":1,"featured_media":0,"parent":0,"menu_order":57,"comment_status":"closed","ping_status":"closed","template":"page-azienda.php","meta":{"_acf_changed":false,"inline_featured_image":false,"footnotes":""},"class_list":["post-14634","page","type-page","status-publish","hentry"],"acf":[],"yoast_head":"<!-- This site is optimized with the Yoast SEO plugin v26.1.1 - https:\/\/yoast.com\/wordpress\/plugins\/seo\/ -->\n<title>Manifiesto de la empresa - Kastel<\/title>\n<meta name=\"description\" content=\"Kastel opera con \u00e9xito en el sector del mueble con una producci\u00f3n diversificada de asientos para la oficina, la colectividad y el hogar.\" \/>\n<meta name=\"robots\" content=\"index, follow, max-snippet:-1, max-image-preview:large, max-video-preview:-1\" \/>\n<link rel=\"canonical\" href=\"https:\/\/www.kastel.it\/es\/empresa-sector-muebles-asientos-oficina-comunidad-hogar\/\" \/>\n<meta property=\"og:locale\" content=\"es_ES\" \/>\n<meta property=\"og:type\" content=\"article\" \/>\n<meta property=\"og:title\" content=\"Manifiesto de la empresa - Kastel\" \/>\n<meta property=\"og:description\" content=\"Kastel opera con \u00e9xito en el sector del mueble con una producci\u00f3n diversificada de asientos para la oficina, la colectividad y el hogar.\" \/>\n<meta property=\"og:url\" content=\"https:\/\/www.kastel.it\/es\/empresa-sector-muebles-asientos-oficina-comunidad-hogar\/\" \/>\n<meta property=\"og:site_name\" content=\"Kastel\" \/>\n<meta property=\"article:publisher\" content=\"https:\/\/www.facebook.com\/kasteldesignsrl\/\" \/>\n<meta property=\"article:modified_time\" content=\"2025-10-09T13:27:37+00:00\" \/>\n<meta property=\"og:image\" content=\"https:\/\/www.kastel.it\/wp-content\/uploads\/2021\/06\/kastel-azienda.png\" \/>\n<meta name=\"twitter:card\" content=\"summary_large_image\" \/>\n<meta name=\"twitter:label1\" content=\"Tiempo de lectura\" \/>\n\t<meta name=\"twitter:data1\" content=\"1 minuto\" \/>\n<script type=\"application\/ld+json\" class=\"yoast-schema-graph\">{\"@context\":\"https:\/\/schema.org\",\"@graph\":[{\"@type\":\"WebPage\",\"@id\":\"https:\/\/www.kastel.it\/es\/empresa-sector-muebles-asientos-oficina-comunidad-hogar\/\",\"url\":\"https:\/\/www.kastel.it\/es\/empresa-sector-muebles-asientos-oficina-comunidad-hogar\/\",\"name\":\"Manifiesto de la empresa - Kastel\",\"isPartOf\":{\"@id\":\"https:\/\/www.kastel.it\/es\/#website\"},\"primaryImageOfPage\":{\"@id\":\"https:\/\/www.kastel.it\/es\/empresa-sector-muebles-asientos-oficina-comunidad-hogar\/#primaryimage\"},\"image\":{\"@id\":\"https:\/\/www.kastel.it\/es\/empresa-sector-muebles-asientos-oficina-comunidad-hogar\/#primaryimage\"},\"thumbnailUrl\":\"https:\/\/www.kastel.it\/wp-content\/uploads\/2021\/06\/kastel-azienda.png\",\"datePublished\":\"2021-05-28T10:28:01+00:00\",\"dateModified\":\"2025-10-09T13:27:37+00:00\",\"description\":\"Kastel opera con \u00e9xito en el sector del mueble con una producci\u00f3n diversificada de asientos para la oficina, la colectividad y el hogar.\",\"inLanguage\":\"es\",\"potentialAction\":[{\"@type\":\"ReadAction\",\"target\":[\"https:\/\/www.kastel.it\/es\/empresa-sector-muebles-asientos-oficina-comunidad-hogar\/\"]}]},{\"@type\":\"ImageObject\",\"inLanguage\":\"es\",\"@id\":\"https:\/\/www.kastel.it\/es\/empresa-sector-muebles-asientos-oficina-comunidad-hogar\/#primaryimage\",\"url\":\"https:\/\/www.kastel.it\/wp-content\/uploads\/2021\/06\/kastel-azienda.png\",\"contentUrl\":\"https:\/\/www.kastel.it\/wp-content\/uploads\/2021\/06\/kastel-azienda.png\"},{\"@type\":\"WebSite\",\"@id\":\"https:\/\/www.kastel.it\/es\/#website\",\"url\":\"https:\/\/www.kastel.it\/es\/\",\"name\":\"Kastel\",\"description\":\"Kastel opera nel settore dell&#039;arredo con produzioni diversificate di sedute per ufficio, comunit\u00e0 e casa. Sedie, tavoli e sgabelli dal design e comfort ricercati.\",\"potentialAction\":[{\"@type\":\"SearchAction\",\"target\":{\"@type\":\"EntryPoint\",\"urlTemplate\":\"https:\/\/www.kastel.it\/es\/?s={search_term_string}\"},\"query-input\":{\"@type\":\"PropertyValueSpecification\",\"valueRequired\":true,\"valueName\":\"search_term_string\"}}],\"inLanguage\":\"es\"}]}<\/script>\n<!-- \/ Yoast SEO plugin. -->","yoast_head_json":{"title":"Manifiesto de la empresa - Kastel","description":"Kastel opera con \u00e9xito en el sector del mueble con una producci\u00f3n diversificada de asientos para la oficina, la colectividad y el hogar.","robots":{"index":"index","follow":"follow","max-snippet":"max-snippet:-1","max-image-preview":"max-image-preview:large","max-video-preview":"max-video-preview:-1"},"canonical":"https:\/\/www.kastel.it\/es\/empresa-sector-muebles-asientos-oficina-comunidad-hogar\/","og_locale":"es_ES","og_type":"article","og_title":"Manifiesto de la empresa - Kastel","og_description":"Kastel opera con \u00e9xito en el sector del mueble con una producci\u00f3n diversificada de asientos para la oficina, la colectividad y el hogar.","og_url":"https:\/\/www.kastel.it\/es\/empresa-sector-muebles-asientos-oficina-comunidad-hogar\/","og_site_name":"Kastel","article_publisher":"https:\/\/www.facebook.com\/kasteldesignsrl\/","article_modified_time":"2025-10-09T13:27:37+00:00","og_image":[{"url":"https:\/\/www.kastel.it\/wp-content\/uploads\/2021\/06\/kastel-azienda.png","type":"","width":"","height":""}],"twitter_card":"summary_large_image","twitter_misc":{"Tiempo de lectura":"1 minuto"},"schema":{"@context":"https:\/\/schema.org","@graph":[{"@type":"WebPage","@id":"https:\/\/www.kastel.it\/es\/empresa-sector-muebles-asientos-oficina-comunidad-hogar\/","url":"https:\/\/www.kastel.it\/es\/empresa-sector-muebles-asientos-oficina-comunidad-hogar\/","name":"Manifiesto de la empresa - Kastel","isPartOf":{"@id":"https:\/\/www.kastel.it\/es\/#website"},"primaryImageOfPage":{"@id":"https:\/\/www.kastel.it\/es\/empresa-sector-muebles-asientos-oficina-comunidad-hogar\/#primaryimage"},"image":{"@id":"https:\/\/www.kastel.it\/es\/empresa-sector-muebles-asientos-oficina-comunidad-hogar\/#primaryimage"},"thumbnailUrl":"https:\/\/www.kastel.it\/wp-content\/uploads\/2021\/06\/kastel-azienda.png","datePublished":"2021-05-28T10:28:01+00:00","dateModified":"2025-10-09T13:27:37+00:00","description":"Kastel opera con \u00e9xito en el sector del mueble con una producci\u00f3n diversificada de asientos para la oficina, la colectividad y el hogar.","inLanguage":"es","potentialAction":[{"@type":"ReadAction","target":["https:\/\/www.kastel.it\/es\/empresa-sector-muebles-asientos-oficina-comunidad-hogar\/"]}]},{"@type":"ImageObject","inLanguage":"es","@id":"https:\/\/www.kastel.it\/es\/empresa-sector-muebles-asientos-oficina-comunidad-hogar\/#primaryimage","url":"https:\/\/www.kastel.it\/wp-content\/uploads\/2021\/06\/kastel-azienda.png","contentUrl":"https:\/\/www.kastel.it\/wp-content\/uploads\/2021\/06\/kastel-azienda.png"},{"@type":"WebSite","@id":"https:\/\/www.kastel.it\/es\/#website","url":"https:\/\/www.kastel.it\/es\/","name":"Kastel","description":"Kastel opera nel settore dell&#039;arredo con produzioni diversificate di sedute per ufficio, comunit\u00e0 e casa. Sedie, tavoli e sgabelli dal design e comfort ricercati.","potentialAction":[{"@type":"SearchAction","target":{"@type":"EntryPoint","urlTemplate":"https:\/\/www.kastel.it\/es\/?s={search_term_string}"},"query-input":{"@type":"PropertyValueSpecification","valueRequired":true,"valueName":"search_term_string"}}],"inLanguage":"es"}]}},"_links":{"self":[{"href":"https:\/\/www.kastel.it\/es\/wp-json\/wp\/v2\/pages\/14634","targetHints":{"allow":["GET"]}}],"collection":[{"href":"https:\/\/www.kastel.it\/es\/wp-json\/wp\/v2\/pages"}],"about":[{"href":"https:\/\/www.kastel.it\/es\/wp-json\/wp\/v2\/types\/page"}],"author":[{"embeddable":true,"href":"https:\/\/www.kastel.it\/es\/wp-json\/wp\/v2\/users\/1"}],"replies":[{"embeddable":true,"href":"https:\/\/www.kastel.it\/es\/wp-json\/wp\/v2\/comments?post=14634"}],"version-history":[{"count":1,"href":"https:\/\/www.kastel.it\/es\/wp-json\/wp\/v2\/pages\/14634\/revisions"}],"predecessor-version":[{"id":15229,"href":"https:\/\/www.kastel.it\/es\/wp-json\/wp\/v2\/pages\/14634\/revisions\/15229"}],"wp:attachment":[{"href":"https:\/\/www.kastel.it\/es\/wp-json\/wp\/v2\/media?parent=14634"}],"curies":[{"name":"wp","href":"https:\/\/api.w.org\/{rel}","templated":true}]}}