{"id":14637,"date":"2020-06-29T12:40:58","date_gmt":"2020-06-29T10:40:58","guid":{"rendered":"https:\/\/www.kastel.it\/informativa-privacy\/"},"modified":"2025-10-09T15:27:38","modified_gmt":"2025-10-09T13:27:38","slug":"informativa-privacy","status":"publish","type":"page","link":"https:\/\/www.kastel.it\/es\/informativa-privacy\/","title":{"rendered":"Privacy"},"content":{"rendered":"<h2>La gesti\u00f3n de la privacidad y de los datos de todos aquellos que interact\u00faan con KASTEL SRL es muy importante para nosotros.<\/h2>\n<h4>Es por ello que hemos intentado que la secci\u00f3n de nuestra web dedicada a este asunto sea lo m\u00e1s completa y clara posible.<\/h4>\n","protected":false},"excerpt":{"rendered":"<p>La gesti\u00f3n de la privacidad y de los datos de todos aquellos que interact\u00faan con KASTEL SRL es muy importante para nosotros. Es por ello que hemos intentado que la secci\u00f3n de nuestra web dedicada a este asunto sea lo&#8230;<\/p>\n","protected":false},"author":1,"featured_media":0,"parent":0,"menu_order":72,"comment_status":"closed","ping_status":"closed","template":"page-privacy.php","meta":{"_acf_changed":false,"inline_featured_image":false,"footnotes":""},"class_list":["post-14637","page","type-page","status-publish","hentry"],"acf":[],"yoast_head":"<!-- This site is optimized with the Yoast SEO plugin v26.1.1 - https:\/\/yoast.com\/wordpress\/plugins\/seo\/ -->\n<title>Privacy - Kastel<\/title>\n<meta name=\"robots\" content=\"index, follow, max-snippet:-1, max-image-preview:large, max-video-preview:-1\" \/>\n<link rel=\"canonical\" href=\"https:\/\/www.kastel.it\/es\/informativa-privacy\/\" \/>\n<meta property=\"og:locale\" content=\"es_ES\" \/>\n<meta property=\"og:type\" content=\"article\" \/>\n<meta property=\"og:title\" content=\"Privacy - Kastel\" \/>\n<meta property=\"og:description\" content=\"La gesti\u00f3n de la privacidad y de los datos de todos aquellos que interact\u00faan con KASTEL SRL es muy importante para nosotros. Es por ello que hemos intentado que la secci\u00f3n de nuestra web dedicada a este asunto sea lo...\" \/>\n<meta property=\"og:url\" content=\"https:\/\/www.kastel.it\/es\/informativa-privacy\/\" \/>\n<meta property=\"og:site_name\" content=\"Kastel\" \/>\n<meta property=\"article:publisher\" content=\"https:\/\/www.facebook.com\/kasteldesignsrl\/\" \/>\n<meta property=\"article:modified_time\" content=\"2025-10-09T13:27:38+00:00\" \/>\n<meta name=\"twitter:card\" content=\"summary_large_image\" \/>\n<meta name=\"twitter:label1\" content=\"Tiempo de lectura\" \/>\n\t<meta name=\"twitter:data1\" content=\"1 minuto\" \/>\n<script type=\"application\/ld+json\" class=\"yoast-schema-graph\">{\"@context\":\"https:\/\/schema.org\",\"@graph\":[{\"@type\":\"WebPage\",\"@id\":\"https:\/\/www.kastel.it\/es\/informativa-privacy\/\",\"url\":\"https:\/\/www.kastel.it\/es\/informativa-privacy\/\",\"name\":\"Privacy - Kastel\",\"isPartOf\":{\"@id\":\"https:\/\/www.kastel.it\/es\/#website\"},\"datePublished\":\"2020-06-29T10:40:58+00:00\",\"dateModified\":\"2025-10-09T13:27:38+00:00\",\"inLanguage\":\"es\",\"potentialAction\":[{\"@type\":\"ReadAction\",\"target\":[\"https:\/\/www.kastel.it\/es\/informativa-privacy\/\"]}]},{\"@type\":\"WebSite\",\"@id\":\"https:\/\/www.kastel.it\/es\/#website\",\"url\":\"https:\/\/www.kastel.it\/es\/\",\"name\":\"Kastel\",\"description\":\"Kastel opera nel settore dell&#039;arredo con produzioni diversificate di sedute per ufficio, comunit\u00e0 e casa. Sedie, tavoli e sgabelli dal design e comfort ricercati.\",\"potentialAction\":[{\"@type\":\"SearchAction\",\"target\":{\"@type\":\"EntryPoint\",\"urlTemplate\":\"https:\/\/www.kastel.it\/es\/?s={search_term_string}\"},\"query-input\":{\"@type\":\"PropertyValueSpecification\",\"valueRequired\":true,\"valueName\":\"search_term_string\"}}],\"inLanguage\":\"es\"}]}<\/script>\n<!-- \/ Yoast SEO plugin. -->","yoast_head_json":{"title":"Privacy - Kastel","robots":{"index":"index","follow":"follow","max-snippet":"max-snippet:-1","max-image-preview":"max-image-preview:large","max-video-preview":"max-video-preview:-1"},"canonical":"https:\/\/www.kastel.it\/es\/informativa-privacy\/","og_locale":"es_ES","og_type":"article","og_title":"Privacy - Kastel","og_description":"La gesti\u00f3n de la privacidad y de los datos de todos aquellos que interact\u00faan con KASTEL SRL es muy importante para nosotros. Es por ello que hemos intentado que la secci\u00f3n de nuestra web dedicada a este asunto sea lo...","og_url":"https:\/\/www.kastel.it\/es\/informativa-privacy\/","og_site_name":"Kastel","article_publisher":"https:\/\/www.facebook.com\/kasteldesignsrl\/","article_modified_time":"2025-10-09T13:27:38+00:00","twitter_card":"summary_large_image","twitter_misc":{"Tiempo de lectura":"1 minuto"},"schema":{"@context":"https:\/\/schema.org","@graph":[{"@type":"WebPage","@id":"https:\/\/www.kastel.it\/es\/informativa-privacy\/","url":"https:\/\/www.kastel.it\/es\/informativa-privacy\/","name":"Privacy - Kastel","isPartOf":{"@id":"https:\/\/www.kastel.it\/es\/#website"},"datePublished":"2020-06-29T10:40:58+00:00","dateModified":"2025-10-09T13:27:38+00:00","inLanguage":"es","potentialAction":[{"@type":"ReadAction","target":["https:\/\/www.kastel.it\/es\/informativa-privacy\/"]}]},{"@type":"WebSite","@id":"https:\/\/www.kastel.it\/es\/#website","url":"https:\/\/www.kastel.it\/es\/","name":"Kastel","description":"Kastel opera nel settore dell&#039;arredo con produzioni diversificate di sedute per ufficio, comunit\u00e0 e casa. Sedie, tavoli e sgabelli dal design e comfort ricercati.","potentialAction":[{"@type":"SearchAction","target":{"@type":"EntryPoint","urlTemplate":"https:\/\/www.kastel.it\/es\/?s={search_term_string}"},"query-input":{"@type":"PropertyValueSpecification","valueRequired":true,"valueName":"search_term_string"}}],"inLanguage":"es"}]}},"_links":{"self":[{"href":"https:\/\/www.kastel.it\/es\/wp-json\/wp\/v2\/pages\/14637","targetHints":{"allow":["GET"]}}],"collection":[{"href":"https:\/\/www.kastel.it\/es\/wp-json\/wp\/v2\/pages"}],"about":[{"href":"https:\/\/www.kastel.it\/es\/wp-json\/wp\/v2\/types\/page"}],"author":[{"embeddable":true,"href":"https:\/\/www.kastel.it\/es\/wp-json\/wp\/v2\/users\/1"}],"replies":[{"embeddable":true,"href":"https:\/\/www.kastel.it\/es\/wp-json\/wp\/v2\/comments?post=14637"}],"version-history":[{"count":1,"href":"https:\/\/www.kastel.it\/es\/wp-json\/wp\/v2\/pages\/14637\/revisions"}],"predecessor-version":[{"id":15232,"href":"https:\/\/www.kastel.it\/es\/wp-json\/wp\/v2\/pages\/14637\/revisions\/15232"}],"wp:attachment":[{"href":"https:\/\/www.kastel.it\/es\/wp-json\/wp\/v2\/media?parent=14637"}],"curies":[{"name":"wp","href":"https:\/\/api.w.org\/{rel}","templated":true}]}}