{"id":14642,"date":"2013-04-11T15:10:06","date_gmt":"2013-04-11T13:10:06","guid":{"rendered":"https:\/\/www.kastel.it\/profilo-aziendale\/"},"modified":"2025-10-09T15:27:38","modified_gmt":"2025-10-09T13:27:38","slug":"perfil-de-la-empresa","status":"publish","type":"page","link":"https:\/\/www.kastel.it\/es\/perfil-de-la-empresa\/","title":{"rendered":"Perfil de la empresa"},"content":{"rendered":"<p> Kastel opera con \u00e9xito en el sector del mueble con una producci\u00f3n diversificada de <strong>siller\u00eda de oficina, colectividades y hogar<\/strong>.<\/p>\n<p>Proponer <strong>confort<\/strong> junto con <strong>dise\u00f1o<\/strong>.<br \/>\nEsta es la misi\u00f3n de la empresa, el principio que gu\u00eda cada paso de la producci\u00f3n.<\/p>\n<p>Cada propuesta de Kastel es el resultado de un profundo an\u00e1lisis en t\u00e9rminos de <strong>ergonom\u00eda, relaci\u00f3n entre espacio y forma, selecci\u00f3n de materiales y elecci\u00f3n de colores<\/strong>.<br \/>\nOfreciendo la m\u00e1xima funcionalidad asociada a una imagen de alto prestigio, y garantizando una calidad constante en la ejecuci\u00f3n.<\/p>\n<p>Kastel, un importante punto de referencia, que tambi\u00e9n se ha convertido en tal gracias a la extrema profesionalidad y competencia de su personal, siempre actualizado y capaz de seguir y apoyar un mercado en constante evoluci\u00f3n.<\/p>\n","protected":false},"excerpt":{"rendered":"<p>Kastel opera con \u00e9xito en el sector del mueble con una producci\u00f3n diversificada de siller\u00eda de oficina, colectividades y hogar. Proponer confort junto con dise\u00f1o. Esta es la misi\u00f3n de la empresa, el principio que gu\u00eda cada paso de la&#8230;<\/p>\n","protected":false},"author":1,"featured_media":0,"parent":0,"menu_order":97,"comment_status":"closed","ping_status":"closed","template":"","meta":{"_acf_changed":false,"inline_featured_image":false,"footnotes":""},"class_list":["post-14642","page","type-page","status-publish","hentry"],"acf":[],"yoast_head":"<!-- This site is optimized with the Yoast SEO plugin v26.1.1 - https:\/\/yoast.com\/wordpress\/plugins\/seo\/ -->\n<title>Perfil de la empresa - Kastel<\/title>\n<meta name=\"robots\" content=\"index, follow, max-snippet:-1, max-image-preview:large, max-video-preview:-1\" \/>\n<link rel=\"canonical\" href=\"https:\/\/www.kastel.it\/es\/perfil-de-la-empresa\/\" \/>\n<meta property=\"og:locale\" content=\"es_ES\" \/>\n<meta property=\"og:type\" content=\"article\" \/>\n<meta property=\"og:title\" content=\"Perfil de la empresa - Kastel\" \/>\n<meta property=\"og:description\" content=\"Kastel opera con \u00e9xito en el sector del mueble con una producci\u00f3n diversificada de siller\u00eda de oficina, colectividades y hogar. Proponer confort junto con dise\u00f1o. Esta es la misi\u00f3n de la empresa, el principio que gu\u00eda cada paso de la...\" \/>\n<meta property=\"og:url\" content=\"https:\/\/www.kastel.it\/es\/perfil-de-la-empresa\/\" \/>\n<meta property=\"og:site_name\" content=\"Kastel\" \/>\n<meta property=\"article:publisher\" content=\"https:\/\/www.facebook.com\/kasteldesignsrl\/\" \/>\n<meta property=\"article:modified_time\" content=\"2025-10-09T13:27:38+00:00\" \/>\n<meta name=\"twitter:card\" content=\"summary_large_image\" \/>\n<meta name=\"twitter:label1\" content=\"Tiempo de lectura\" \/>\n\t<meta name=\"twitter:data1\" content=\"1 minuto\" \/>\n<script type=\"application\/ld+json\" class=\"yoast-schema-graph\">{\"@context\":\"https:\/\/schema.org\",\"@graph\":[{\"@type\":\"WebPage\",\"@id\":\"https:\/\/www.kastel.it\/es\/perfil-de-la-empresa\/\",\"url\":\"https:\/\/www.kastel.it\/es\/perfil-de-la-empresa\/\",\"name\":\"Perfil de la empresa - Kastel\",\"isPartOf\":{\"@id\":\"https:\/\/www.kastel.it\/es\/#website\"},\"datePublished\":\"2013-04-11T13:10:06+00:00\",\"dateModified\":\"2025-10-09T13:27:38+00:00\",\"inLanguage\":\"es\",\"potentialAction\":[{\"@type\":\"ReadAction\",\"target\":[\"https:\/\/www.kastel.it\/es\/perfil-de-la-empresa\/\"]}]},{\"@type\":\"WebSite\",\"@id\":\"https:\/\/www.kastel.it\/es\/#website\",\"url\":\"https:\/\/www.kastel.it\/es\/\",\"name\":\"Kastel\",\"description\":\"Kastel opera nel settore dell&#039;arredo con produzioni diversificate di sedute per ufficio, comunit\u00e0 e casa. Sedie, tavoli e sgabelli dal design e comfort ricercati.\",\"potentialAction\":[{\"@type\":\"SearchAction\",\"target\":{\"@type\":\"EntryPoint\",\"urlTemplate\":\"https:\/\/www.kastel.it\/es\/?s={search_term_string}\"},\"query-input\":{\"@type\":\"PropertyValueSpecification\",\"valueRequired\":true,\"valueName\":\"search_term_string\"}}],\"inLanguage\":\"es\"}]}<\/script>\n<!-- \/ Yoast SEO plugin. -->","yoast_head_json":{"title":"Perfil de la empresa - Kastel","robots":{"index":"index","follow":"follow","max-snippet":"max-snippet:-1","max-image-preview":"max-image-preview:large","max-video-preview":"max-video-preview:-1"},"canonical":"https:\/\/www.kastel.it\/es\/perfil-de-la-empresa\/","og_locale":"es_ES","og_type":"article","og_title":"Perfil de la empresa - Kastel","og_description":"Kastel opera con \u00e9xito en el sector del mueble con una producci\u00f3n diversificada de siller\u00eda de oficina, colectividades y hogar. Proponer confort junto con dise\u00f1o. Esta es la misi\u00f3n de la empresa, el principio que gu\u00eda cada paso de la...","og_url":"https:\/\/www.kastel.it\/es\/perfil-de-la-empresa\/","og_site_name":"Kastel","article_publisher":"https:\/\/www.facebook.com\/kasteldesignsrl\/","article_modified_time":"2025-10-09T13:27:38+00:00","twitter_card":"summary_large_image","twitter_misc":{"Tiempo de lectura":"1 minuto"},"schema":{"@context":"https:\/\/schema.org","@graph":[{"@type":"WebPage","@id":"https:\/\/www.kastel.it\/es\/perfil-de-la-empresa\/","url":"https:\/\/www.kastel.it\/es\/perfil-de-la-empresa\/","name":"Perfil de la empresa - Kastel","isPartOf":{"@id":"https:\/\/www.kastel.it\/es\/#website"},"datePublished":"2013-04-11T13:10:06+00:00","dateModified":"2025-10-09T13:27:38+00:00","inLanguage":"es","potentialAction":[{"@type":"ReadAction","target":["https:\/\/www.kastel.it\/es\/perfil-de-la-empresa\/"]}]},{"@type":"WebSite","@id":"https:\/\/www.kastel.it\/es\/#website","url":"https:\/\/www.kastel.it\/es\/","name":"Kastel","description":"Kastel opera nel settore dell&#039;arredo con produzioni diversificate di sedute per ufficio, comunit\u00e0 e casa. Sedie, tavoli e sgabelli dal design e comfort ricercati.","potentialAction":[{"@type":"SearchAction","target":{"@type":"EntryPoint","urlTemplate":"https:\/\/www.kastel.it\/es\/?s={search_term_string}"},"query-input":{"@type":"PropertyValueSpecification","valueRequired":true,"valueName":"search_term_string"}}],"inLanguage":"es"}]}},"_links":{"self":[{"href":"https:\/\/www.kastel.it\/es\/wp-json\/wp\/v2\/pages\/14642","targetHints":{"allow":["GET"]}}],"collection":[{"href":"https:\/\/www.kastel.it\/es\/wp-json\/wp\/v2\/pages"}],"about":[{"href":"https:\/\/www.kastel.it\/es\/wp-json\/wp\/v2\/types\/page"}],"author":[{"embeddable":true,"href":"https:\/\/www.kastel.it\/es\/wp-json\/wp\/v2\/users\/1"}],"replies":[{"embeddable":true,"href":"https:\/\/www.kastel.it\/es\/wp-json\/wp\/v2\/comments?post=14642"}],"version-history":[{"count":1,"href":"https:\/\/www.kastel.it\/es\/wp-json\/wp\/v2\/pages\/14642\/revisions"}],"predecessor-version":[{"id":15237,"href":"https:\/\/www.kastel.it\/es\/wp-json\/wp\/v2\/pages\/14642\/revisions\/15237"}],"wp:attachment":[{"href":"https:\/\/www.kastel.it\/es\/wp-json\/wp\/v2\/media?parent=14642"}],"curies":[{"name":"wp","href":"https:\/\/api.w.org\/{rel}","templated":true}]}}