{"id":14643,"date":"2013-04-11T16:06:13","date_gmt":"2013-04-11T14:06:13","guid":{"rendered":"https:\/\/www.kastel.it\/spazio-espositivo-showroom-sedute-ufficio\/"},"modified":"2025-10-09T15:27:39","modified_gmt":"2025-10-09T13:27:39","slug":"showroom-sillas-oficina","status":"publish","type":"page","link":"https:\/\/www.kastel.it\/es\/showroom-sillas-oficina\/","title":{"rendered":"Showroom"},"content":{"rendered":"<p>Una exposici\u00f3n din\u00e1mica, donde ser\u00e1 inmediato percibir el car\u00e1cter, la personalidad y la filosof\u00eda de la empresa.<\/p>\n<p>Atreverse, provocar, conquistar.<br \/>\nAhora puede ver y tocar el mundo de Kastel.<\/p>\n","protected":false},"excerpt":{"rendered":"<p>Una exposici\u00f3n din\u00e1mica, donde ser\u00e1 inmediato percibir el car\u00e1cter, la personalidad y la filosof\u00eda de la empresa. Atreverse, provocar, conquistar. Ahora puede ver y tocar el mundo de Kastel.<\/p>\n","protected":false},"author":1,"featured_media":0,"parent":0,"menu_order":102,"comment_status":"closed","ping_status":"closed","template":"page-showroom.php","meta":{"_acf_changed":false,"inline_featured_image":false,"footnotes":""},"class_list":["post-14643","page","type-page","status-publish","hentry"],"acf":[],"yoast_head":"<!-- This site is optimized with the Yoast SEO plugin v26.1.1 - https:\/\/yoast.com\/wordpress\/plugins\/seo\/ -->\n<title>Nuestro showroom - Kastel%<\/title>\n<meta name=\"description\" content=\"Una exposici\u00f3n din\u00e1mica, donde ser\u00e1 inmediato percibir el car\u00e1cter, la personalidad y la filosof\u00eda de la empresa a trav\u00e9s de los asientos de la oficina.\" \/>\n<meta name=\"robots\" content=\"index, follow, max-snippet:-1, max-image-preview:large, max-video-preview:-1\" \/>\n<link rel=\"canonical\" href=\"https:\/\/www.kastel.it\/es\/showroom-sillas-oficina\/\" \/>\n<meta property=\"og:locale\" content=\"es_ES\" \/>\n<meta property=\"og:type\" content=\"article\" \/>\n<meta property=\"og:title\" content=\"Nuestro showroom - Kastel%\" \/>\n<meta property=\"og:description\" content=\"Una exposici\u00f3n din\u00e1mica, donde ser\u00e1 inmediato percibir el car\u00e1cter, la personalidad y la filosof\u00eda de la empresa a trav\u00e9s de los asientos de la oficina.\" \/>\n<meta property=\"og:url\" content=\"https:\/\/www.kastel.it\/es\/showroom-sillas-oficina\/\" \/>\n<meta property=\"og:site_name\" content=\"Kastel\" \/>\n<meta property=\"article:publisher\" content=\"https:\/\/www.facebook.com\/kasteldesignsrl\/\" \/>\n<meta property=\"article:modified_time\" content=\"2025-10-09T13:27:39+00:00\" \/>\n<meta name=\"twitter:card\" content=\"summary_large_image\" \/>\n<meta name=\"twitter:label1\" content=\"Tiempo de lectura\" \/>\n\t<meta name=\"twitter:data1\" content=\"1 minuto\" \/>\n<script type=\"application\/ld+json\" class=\"yoast-schema-graph\">{\"@context\":\"https:\/\/schema.org\",\"@graph\":[{\"@type\":\"WebPage\",\"@id\":\"https:\/\/www.kastel.it\/es\/showroom-sillas-oficina\/\",\"url\":\"https:\/\/www.kastel.it\/es\/showroom-sillas-oficina\/\",\"name\":\"Nuestro showroom - Kastel%\",\"isPartOf\":{\"@id\":\"https:\/\/www.kastel.it\/es\/#website\"},\"datePublished\":\"2013-04-11T14:06:13+00:00\",\"dateModified\":\"2025-10-09T13:27:39+00:00\",\"description\":\"Una exposici\u00f3n din\u00e1mica, donde ser\u00e1 inmediato percibir el car\u00e1cter, la personalidad y la filosof\u00eda de la empresa a trav\u00e9s de los asientos de la oficina.\",\"inLanguage\":\"es\",\"potentialAction\":[{\"@type\":\"ReadAction\",\"target\":[\"https:\/\/www.kastel.it\/es\/showroom-sillas-oficina\/\"]}]},{\"@type\":\"WebSite\",\"@id\":\"https:\/\/www.kastel.it\/es\/#website\",\"url\":\"https:\/\/www.kastel.it\/es\/\",\"name\":\"Kastel\",\"description\":\"Kastel opera nel settore dell&#039;arredo con produzioni diversificate di sedute per ufficio, comunit\u00e0 e casa. Sedie, tavoli e sgabelli dal design e comfort ricercati.\",\"potentialAction\":[{\"@type\":\"SearchAction\",\"target\":{\"@type\":\"EntryPoint\",\"urlTemplate\":\"https:\/\/www.kastel.it\/es\/?s={search_term_string}\"},\"query-input\":{\"@type\":\"PropertyValueSpecification\",\"valueRequired\":true,\"valueName\":\"search_term_string\"}}],\"inLanguage\":\"es\"}]}<\/script>\n<!-- \/ Yoast SEO plugin. -->","yoast_head_json":{"title":"Nuestro showroom - Kastel%","description":"Una exposici\u00f3n din\u00e1mica, donde ser\u00e1 inmediato percibir el car\u00e1cter, la personalidad y la filosof\u00eda de la empresa a trav\u00e9s de los asientos de la oficina.","robots":{"index":"index","follow":"follow","max-snippet":"max-snippet:-1","max-image-preview":"max-image-preview:large","max-video-preview":"max-video-preview:-1"},"canonical":"https:\/\/www.kastel.it\/es\/showroom-sillas-oficina\/","og_locale":"es_ES","og_type":"article","og_title":"Nuestro showroom - Kastel%","og_description":"Una exposici\u00f3n din\u00e1mica, donde ser\u00e1 inmediato percibir el car\u00e1cter, la personalidad y la filosof\u00eda de la empresa a trav\u00e9s de los asientos de la oficina.","og_url":"https:\/\/www.kastel.it\/es\/showroom-sillas-oficina\/","og_site_name":"Kastel","article_publisher":"https:\/\/www.facebook.com\/kasteldesignsrl\/","article_modified_time":"2025-10-09T13:27:39+00:00","twitter_card":"summary_large_image","twitter_misc":{"Tiempo de lectura":"1 minuto"},"schema":{"@context":"https:\/\/schema.org","@graph":[{"@type":"WebPage","@id":"https:\/\/www.kastel.it\/es\/showroom-sillas-oficina\/","url":"https:\/\/www.kastel.it\/es\/showroom-sillas-oficina\/","name":"Nuestro showroom - Kastel%","isPartOf":{"@id":"https:\/\/www.kastel.it\/es\/#website"},"datePublished":"2013-04-11T14:06:13+00:00","dateModified":"2025-10-09T13:27:39+00:00","description":"Una exposici\u00f3n din\u00e1mica, donde ser\u00e1 inmediato percibir el car\u00e1cter, la personalidad y la filosof\u00eda de la empresa a trav\u00e9s de los asientos de la oficina.","inLanguage":"es","potentialAction":[{"@type":"ReadAction","target":["https:\/\/www.kastel.it\/es\/showroom-sillas-oficina\/"]}]},{"@type":"WebSite","@id":"https:\/\/www.kastel.it\/es\/#website","url":"https:\/\/www.kastel.it\/es\/","name":"Kastel","description":"Kastel opera nel settore dell&#039;arredo con produzioni diversificate di sedute per ufficio, comunit\u00e0 e casa. Sedie, tavoli e sgabelli dal design e comfort ricercati.","potentialAction":[{"@type":"SearchAction","target":{"@type":"EntryPoint","urlTemplate":"https:\/\/www.kastel.it\/es\/?s={search_term_string}"},"query-input":{"@type":"PropertyValueSpecification","valueRequired":true,"valueName":"search_term_string"}}],"inLanguage":"es"}]}},"_links":{"self":[{"href":"https:\/\/www.kastel.it\/es\/wp-json\/wp\/v2\/pages\/14643","targetHints":{"allow":["GET"]}}],"collection":[{"href":"https:\/\/www.kastel.it\/es\/wp-json\/wp\/v2\/pages"}],"about":[{"href":"https:\/\/www.kastel.it\/es\/wp-json\/wp\/v2\/types\/page"}],"author":[{"embeddable":true,"href":"https:\/\/www.kastel.it\/es\/wp-json\/wp\/v2\/users\/1"}],"replies":[{"embeddable":true,"href":"https:\/\/www.kastel.it\/es\/wp-json\/wp\/v2\/comments?post=14643"}],"version-history":[{"count":1,"href":"https:\/\/www.kastel.it\/es\/wp-json\/wp\/v2\/pages\/14643\/revisions"}],"predecessor-version":[{"id":15238,"href":"https:\/\/www.kastel.it\/es\/wp-json\/wp\/v2\/pages\/14643\/revisions\/15238"}],"wp:attachment":[{"href":"https:\/\/www.kastel.it\/es\/wp-json\/wp\/v2\/media?parent=14643"}],"curies":[{"name":"wp","href":"https:\/\/api.w.org\/{rel}","templated":true}]}}