{"id":14645,"date":"2013-04-11T16:08:51","date_gmt":"2013-04-11T14:08:51","guid":{"rendered":"https:\/\/www.kastel.it\/marketing-soluzioni-arredo-ufficio\/"},"modified":"2025-10-09T15:27:39","modified_gmt":"2025-10-09T13:27:39","slug":"marketing-soluciones-muebles-oficina","status":"publish","type":"page","link":"https:\/\/www.kastel.it\/es\/marketing-soluciones-muebles-oficina\/","title":{"rendered":"Marketing"},"content":{"rendered":"<p>Estudiar las caracter\u00edsticas sociales y econ\u00f3micas del <strong>mercado del asiento<\/strong> (necesidades, exigencias, tendencias), identificar el tipo de producto ideal para satisfacer estas demandas y cuidar la comunicaci\u00f3n externa de la empresa&#8230; esto y mucho m\u00e1s es el marketing de Kastel s.r.l. Las estrategias de comunicaci\u00f3n nacen de la convicci\u00f3n de que Kastel s.r.l. no s\u00f3lo sabe <strong>seleccionar el producto adecuado<\/strong>, sino tambi\u00e9n <strong>presentarlo<\/strong>, difundirlo y promocionarlo<\/strong> a todos los consumidores potenciales.<\/p>\n<p>Kastel pone a disposici\u00f3n de sus clientes y de todos aquellos que deseen obtener informaci\u00f3n sobre la producci\u00f3n de la empresa, documentaci\u00f3n impresa y en Internet para ofrecer una comunicaci\u00f3n \u00f3ptima a 360\u00b0.\u00bb<\/p>\n","protected":false},"excerpt":{"rendered":"<p>Estudiar las caracter\u00edsticas sociales y econ\u00f3micas del mercado del asiento (necesidades, exigencias, tendencias), identificar el tipo de producto ideal para satisfacer estas demandas y cuidar la comunicaci\u00f3n externa de la empresa&#8230; esto y mucho m\u00e1s es el marketing de Kastel&#8230;<\/p>\n","protected":false},"author":1,"featured_media":0,"parent":0,"menu_order":112,"comment_status":"closed","ping_status":"closed","template":"","meta":{"_acf_changed":false,"inline_featured_image":false,"footnotes":""},"class_list":["post-14645","page","type-page","status-publish","hentry"],"acf":[],"yoast_head":"<!-- This site is optimized with the Yoast SEO plugin v26.1.1 - https:\/\/yoast.com\/wordpress\/plugins\/seo\/ -->\n<title>Marketing y soluciones de mobiliario de oficina - Kastel<\/title>\n<meta name=\"description\" content=\"Las estrategias de comunicaci\u00f3n nacen de la convicci\u00f3n de que Kastel no s\u00f3lo elige el producto, sino que tambi\u00e9n sabe c\u00f3mo presentarlo y promocionarlo.\" \/>\n<meta name=\"robots\" content=\"index, follow, max-snippet:-1, max-image-preview:large, max-video-preview:-1\" \/>\n<link rel=\"canonical\" href=\"https:\/\/www.kastel.it\/es\/marketing-soluciones-muebles-oficina\/\" \/>\n<meta property=\"og:locale\" content=\"es_ES\" \/>\n<meta property=\"og:type\" content=\"article\" \/>\n<meta property=\"og:title\" content=\"Marketing y soluciones de mobiliario de oficina - Kastel\" \/>\n<meta property=\"og:description\" content=\"Las estrategias de comunicaci\u00f3n nacen de la convicci\u00f3n de que Kastel no s\u00f3lo elige el producto, sino que tambi\u00e9n sabe c\u00f3mo presentarlo y promocionarlo.\" \/>\n<meta property=\"og:url\" content=\"https:\/\/www.kastel.it\/es\/marketing-soluciones-muebles-oficina\/\" \/>\n<meta property=\"og:site_name\" content=\"Kastel\" \/>\n<meta property=\"article:publisher\" content=\"https:\/\/www.facebook.com\/kasteldesignsrl\/\" \/>\n<meta property=\"article:modified_time\" content=\"2025-10-09T13:27:39+00:00\" \/>\n<meta name=\"twitter:card\" content=\"summary_large_image\" \/>\n<meta name=\"twitter:label1\" content=\"Tiempo de lectura\" \/>\n\t<meta name=\"twitter:data1\" content=\"1 minuto\" \/>\n<script type=\"application\/ld+json\" class=\"yoast-schema-graph\">{\"@context\":\"https:\/\/schema.org\",\"@graph\":[{\"@type\":\"WebPage\",\"@id\":\"https:\/\/www.kastel.it\/es\/marketing-soluciones-muebles-oficina\/\",\"url\":\"https:\/\/www.kastel.it\/es\/marketing-soluciones-muebles-oficina\/\",\"name\":\"Marketing y soluciones de mobiliario de oficina - Kastel\",\"isPartOf\":{\"@id\":\"https:\/\/www.kastel.it\/es\/#website\"},\"datePublished\":\"2013-04-11T14:08:51+00:00\",\"dateModified\":\"2025-10-09T13:27:39+00:00\",\"description\":\"Las estrategias de comunicaci\u00f3n nacen de la convicci\u00f3n de que Kastel no s\u00f3lo elige el producto, sino que tambi\u00e9n sabe c\u00f3mo presentarlo y promocionarlo.\",\"inLanguage\":\"es\",\"potentialAction\":[{\"@type\":\"ReadAction\",\"target\":[\"https:\/\/www.kastel.it\/es\/marketing-soluciones-muebles-oficina\/\"]}]},{\"@type\":\"WebSite\",\"@id\":\"https:\/\/www.kastel.it\/es\/#website\",\"url\":\"https:\/\/www.kastel.it\/es\/\",\"name\":\"Kastel\",\"description\":\"Kastel opera nel settore dell&#039;arredo con produzioni diversificate di sedute per ufficio, comunit\u00e0 e casa. Sedie, tavoli e sgabelli dal design e comfort ricercati.\",\"potentialAction\":[{\"@type\":\"SearchAction\",\"target\":{\"@type\":\"EntryPoint\",\"urlTemplate\":\"https:\/\/www.kastel.it\/es\/?s={search_term_string}\"},\"query-input\":{\"@type\":\"PropertyValueSpecification\",\"valueRequired\":true,\"valueName\":\"search_term_string\"}}],\"inLanguage\":\"es\"}]}<\/script>\n<!-- \/ Yoast SEO plugin. -->","yoast_head_json":{"title":"Marketing y soluciones de mobiliario de oficina - Kastel","description":"Las estrategias de comunicaci\u00f3n nacen de la convicci\u00f3n de que Kastel no s\u00f3lo elige el producto, sino que tambi\u00e9n sabe c\u00f3mo presentarlo y promocionarlo.","robots":{"index":"index","follow":"follow","max-snippet":"max-snippet:-1","max-image-preview":"max-image-preview:large","max-video-preview":"max-video-preview:-1"},"canonical":"https:\/\/www.kastel.it\/es\/marketing-soluciones-muebles-oficina\/","og_locale":"es_ES","og_type":"article","og_title":"Marketing y soluciones de mobiliario de oficina - Kastel","og_description":"Las estrategias de comunicaci\u00f3n nacen de la convicci\u00f3n de que Kastel no s\u00f3lo elige el producto, sino que tambi\u00e9n sabe c\u00f3mo presentarlo y promocionarlo.","og_url":"https:\/\/www.kastel.it\/es\/marketing-soluciones-muebles-oficina\/","og_site_name":"Kastel","article_publisher":"https:\/\/www.facebook.com\/kasteldesignsrl\/","article_modified_time":"2025-10-09T13:27:39+00:00","twitter_card":"summary_large_image","twitter_misc":{"Tiempo de lectura":"1 minuto"},"schema":{"@context":"https:\/\/schema.org","@graph":[{"@type":"WebPage","@id":"https:\/\/www.kastel.it\/es\/marketing-soluciones-muebles-oficina\/","url":"https:\/\/www.kastel.it\/es\/marketing-soluciones-muebles-oficina\/","name":"Marketing y soluciones de mobiliario de oficina - Kastel","isPartOf":{"@id":"https:\/\/www.kastel.it\/es\/#website"},"datePublished":"2013-04-11T14:08:51+00:00","dateModified":"2025-10-09T13:27:39+00:00","description":"Las estrategias de comunicaci\u00f3n nacen de la convicci\u00f3n de que Kastel no s\u00f3lo elige el producto, sino que tambi\u00e9n sabe c\u00f3mo presentarlo y promocionarlo.","inLanguage":"es","potentialAction":[{"@type":"ReadAction","target":["https:\/\/www.kastel.it\/es\/marketing-soluciones-muebles-oficina\/"]}]},{"@type":"WebSite","@id":"https:\/\/www.kastel.it\/es\/#website","url":"https:\/\/www.kastel.it\/es\/","name":"Kastel","description":"Kastel opera nel settore dell&#039;arredo con produzioni diversificate di sedute per ufficio, comunit\u00e0 e casa. Sedie, tavoli e sgabelli dal design e comfort ricercati.","potentialAction":[{"@type":"SearchAction","target":{"@type":"EntryPoint","urlTemplate":"https:\/\/www.kastel.it\/es\/?s={search_term_string}"},"query-input":{"@type":"PropertyValueSpecification","valueRequired":true,"valueName":"search_term_string"}}],"inLanguage":"es"}]}},"_links":{"self":[{"href":"https:\/\/www.kastel.it\/es\/wp-json\/wp\/v2\/pages\/14645","targetHints":{"allow":["GET"]}}],"collection":[{"href":"https:\/\/www.kastel.it\/es\/wp-json\/wp\/v2\/pages"}],"about":[{"href":"https:\/\/www.kastel.it\/es\/wp-json\/wp\/v2\/types\/page"}],"author":[{"embeddable":true,"href":"https:\/\/www.kastel.it\/es\/wp-json\/wp\/v2\/users\/1"}],"replies":[{"embeddable":true,"href":"https:\/\/www.kastel.it\/es\/wp-json\/wp\/v2\/comments?post=14645"}],"version-history":[{"count":1,"href":"https:\/\/www.kastel.it\/es\/wp-json\/wp\/v2\/pages\/14645\/revisions"}],"predecessor-version":[{"id":15240,"href":"https:\/\/www.kastel.it\/es\/wp-json\/wp\/v2\/pages\/14645\/revisions\/15240"}],"wp:attachment":[{"href":"https:\/\/www.kastel.it\/es\/wp-json\/wp\/v2\/media?parent=14645"}],"curies":[{"name":"wp","href":"https:\/\/api.w.org\/{rel}","templated":true}]}}