{"id":14646,"date":"2013-04-09T16:26:44","date_gmt":"2013-04-09T14:26:44","guid":{"rendered":"https:\/\/www.kastel.it\/progettazione-e-configurazione-prodotti\/"},"modified":"2025-10-09T15:27:39","modified_gmt":"2025-10-09T13:27:39","slug":"diseno-y-configuracion-productos","status":"publish","type":"page","link":"https:\/\/www.kastel.it\/es\/diseno-y-configuracion-productos\/","title":{"rendered":"Dise\u00f1o"},"content":{"rendered":"<p>Descubra los m\u00faltiples beneficios que puede obtener utilizando <strong>los datos de Kastel con pCon.planner<\/strong>, la aplicaci\u00f3n l\u00edder para <strong>planificaci\u00f3n, configuraci\u00f3n de productos y presupuestos<\/strong> en el sector del <strong>mobiliario de oficina y contract<\/strong>.<\/p>\n","protected":false},"excerpt":{"rendered":"<p>Descubra los m\u00faltiples beneficios que puede obtener utilizando los datos de Kastel con pCon.planner, la aplicaci\u00f3n l\u00edder para planificaci\u00f3n, configuraci\u00f3n de productos y presupuestos en el sector del mobiliario de oficina y contract.<\/p>\n","protected":false},"author":1,"featured_media":0,"parent":0,"menu_order":117,"comment_status":"closed","ping_status":"closed","template":"page-progettazione.php","meta":{"_acf_changed":false,"inline_featured_image":false,"footnotes":""},"class_list":["post-14646","page","type-page","status-publish","hentry"],"acf":[],"yoast_head":"<!-- This site is optimized with the Yoast SEO plugin v26.1.1 - https:\/\/yoast.com\/wordpress\/plugins\/seo\/ -->\n<title>dise\u00f1o y configuraci\u00f3n del producto - Kastel%<\/title>\n<meta name=\"description\" content=\"Numerosas ventajas puede conseguir utilizando los datos de Kastel con pCon.planner, la aplicaci\u00f3n l\u00edder para la planificaci\u00f3n y configuraci\u00f3n de productos.\" \/>\n<meta name=\"robots\" content=\"index, follow, max-snippet:-1, max-image-preview:large, max-video-preview:-1\" \/>\n<link rel=\"canonical\" href=\"https:\/\/www.kastel.it\/es\/diseno-y-configuracion-productos\/\" \/>\n<meta property=\"og:locale\" content=\"es_ES\" \/>\n<meta property=\"og:type\" content=\"article\" \/>\n<meta property=\"og:title\" content=\"dise\u00f1o y configuraci\u00f3n del producto - Kastel%\" \/>\n<meta property=\"og:description\" content=\"Numerosas ventajas puede conseguir utilizando los datos de Kastel con pCon.planner, la aplicaci\u00f3n l\u00edder para la planificaci\u00f3n y configuraci\u00f3n de productos.\" \/>\n<meta property=\"og:url\" content=\"https:\/\/www.kastel.it\/es\/diseno-y-configuracion-productos\/\" \/>\n<meta property=\"og:site_name\" content=\"Kastel\" \/>\n<meta property=\"article:publisher\" content=\"https:\/\/www.facebook.com\/kasteldesignsrl\/\" \/>\n<meta property=\"article:modified_time\" content=\"2025-10-09T13:27:39+00:00\" \/>\n<meta name=\"twitter:card\" content=\"summary_large_image\" \/>\n<meta name=\"twitter:label1\" content=\"Tiempo de lectura\" \/>\n\t<meta name=\"twitter:data1\" content=\"1 minuto\" \/>\n<script type=\"application\/ld+json\" class=\"yoast-schema-graph\">{\"@context\":\"https:\/\/schema.org\",\"@graph\":[{\"@type\":\"WebPage\",\"@id\":\"https:\/\/www.kastel.it\/es\/diseno-y-configuracion-productos\/\",\"url\":\"https:\/\/www.kastel.it\/es\/diseno-y-configuracion-productos\/\",\"name\":\"dise\u00f1o y configuraci\u00f3n del producto - Kastel%\",\"isPartOf\":{\"@id\":\"https:\/\/www.kastel.it\/es\/#website\"},\"datePublished\":\"2013-04-09T14:26:44+00:00\",\"dateModified\":\"2025-10-09T13:27:39+00:00\",\"description\":\"Numerosas ventajas puede conseguir utilizando los datos de Kastel con pCon.planner, la aplicaci\u00f3n l\u00edder para la planificaci\u00f3n y configuraci\u00f3n de productos.\",\"inLanguage\":\"es\",\"potentialAction\":[{\"@type\":\"ReadAction\",\"target\":[\"https:\/\/www.kastel.it\/es\/diseno-y-configuracion-productos\/\"]}]},{\"@type\":\"WebSite\",\"@id\":\"https:\/\/www.kastel.it\/es\/#website\",\"url\":\"https:\/\/www.kastel.it\/es\/\",\"name\":\"Kastel\",\"description\":\"Kastel opera nel settore dell&#039;arredo con produzioni diversificate di sedute per ufficio, comunit\u00e0 e casa. Sedie, tavoli e sgabelli dal design e comfort ricercati.\",\"potentialAction\":[{\"@type\":\"SearchAction\",\"target\":{\"@type\":\"EntryPoint\",\"urlTemplate\":\"https:\/\/www.kastel.it\/es\/?s={search_term_string}\"},\"query-input\":{\"@type\":\"PropertyValueSpecification\",\"valueRequired\":true,\"valueName\":\"search_term_string\"}}],\"inLanguage\":\"es\"}]}<\/script>\n<!-- \/ Yoast SEO plugin. -->","yoast_head_json":{"title":"dise\u00f1o y configuraci\u00f3n del producto - Kastel%","description":"Numerosas ventajas puede conseguir utilizando los datos de Kastel con pCon.planner, la aplicaci\u00f3n l\u00edder para la planificaci\u00f3n y configuraci\u00f3n de productos.","robots":{"index":"index","follow":"follow","max-snippet":"max-snippet:-1","max-image-preview":"max-image-preview:large","max-video-preview":"max-video-preview:-1"},"canonical":"https:\/\/www.kastel.it\/es\/diseno-y-configuracion-productos\/","og_locale":"es_ES","og_type":"article","og_title":"dise\u00f1o y configuraci\u00f3n del producto - Kastel%","og_description":"Numerosas ventajas puede conseguir utilizando los datos de Kastel con pCon.planner, la aplicaci\u00f3n l\u00edder para la planificaci\u00f3n y configuraci\u00f3n de productos.","og_url":"https:\/\/www.kastel.it\/es\/diseno-y-configuracion-productos\/","og_site_name":"Kastel","article_publisher":"https:\/\/www.facebook.com\/kasteldesignsrl\/","article_modified_time":"2025-10-09T13:27:39+00:00","twitter_card":"summary_large_image","twitter_misc":{"Tiempo de lectura":"1 minuto"},"schema":{"@context":"https:\/\/schema.org","@graph":[{"@type":"WebPage","@id":"https:\/\/www.kastel.it\/es\/diseno-y-configuracion-productos\/","url":"https:\/\/www.kastel.it\/es\/diseno-y-configuracion-productos\/","name":"dise\u00f1o y configuraci\u00f3n del producto - Kastel%","isPartOf":{"@id":"https:\/\/www.kastel.it\/es\/#website"},"datePublished":"2013-04-09T14:26:44+00:00","dateModified":"2025-10-09T13:27:39+00:00","description":"Numerosas ventajas puede conseguir utilizando los datos de Kastel con pCon.planner, la aplicaci\u00f3n l\u00edder para la planificaci\u00f3n y configuraci\u00f3n de productos.","inLanguage":"es","potentialAction":[{"@type":"ReadAction","target":["https:\/\/www.kastel.it\/es\/diseno-y-configuracion-productos\/"]}]},{"@type":"WebSite","@id":"https:\/\/www.kastel.it\/es\/#website","url":"https:\/\/www.kastel.it\/es\/","name":"Kastel","description":"Kastel opera nel settore dell&#039;arredo con produzioni diversificate di sedute per ufficio, comunit\u00e0 e casa. Sedie, tavoli e sgabelli dal design e comfort ricercati.","potentialAction":[{"@type":"SearchAction","target":{"@type":"EntryPoint","urlTemplate":"https:\/\/www.kastel.it\/es\/?s={search_term_string}"},"query-input":{"@type":"PropertyValueSpecification","valueRequired":true,"valueName":"search_term_string"}}],"inLanguage":"es"}]}},"_links":{"self":[{"href":"https:\/\/www.kastel.it\/es\/wp-json\/wp\/v2\/pages\/14646","targetHints":{"allow":["GET"]}}],"collection":[{"href":"https:\/\/www.kastel.it\/es\/wp-json\/wp\/v2\/pages"}],"about":[{"href":"https:\/\/www.kastel.it\/es\/wp-json\/wp\/v2\/types\/page"}],"author":[{"embeddable":true,"href":"https:\/\/www.kastel.it\/es\/wp-json\/wp\/v2\/users\/1"}],"replies":[{"embeddable":true,"href":"https:\/\/www.kastel.it\/es\/wp-json\/wp\/v2\/comments?post=14646"}],"version-history":[{"count":1,"href":"https:\/\/www.kastel.it\/es\/wp-json\/wp\/v2\/pages\/14646\/revisions"}],"predecessor-version":[{"id":15241,"href":"https:\/\/www.kastel.it\/es\/wp-json\/wp\/v2\/pages\/14646\/revisions\/15241"}],"wp:attachment":[{"href":"https:\/\/www.kastel.it\/es\/wp-json\/wp\/v2\/media?parent=14646"}],"curies":[{"name":"wp","href":"https:\/\/api.w.org\/{rel}","templated":true}]}}