{"id":10002,"date":"2021-05-27T17:53:31","date_gmt":"2021-05-27T15:53:31","guid":{"rendered":"https:\/\/www.kastel.it\/prodotti-arredo-ufficio-design\/"},"modified":"2021-10-20T13:51:19","modified_gmt":"2021-10-20T11:51:19","slug":"produits-mobilier-bureau-design","status":"publish","type":"page","link":"https:\/\/www.kastel.it\/fr\/produits-mobilier-bureau-design\/","title":{"rendered":"Produits"},"content":{"rendered":"<p>Mobilier de bureau avec solutions de conception. Diff\u00e9rentes les formes et finitions propos\u00e9es, adapt\u00e9es \u00e0 tout type de mobilier ou d\u2019utilisation.<br \/>\nNaviguez \u00e0 travers les produits Kastel pour collection, ou explorez les diff\u00e9rentes destionations d&#8217;emploi recommend\u00e9es. Qualit\u00e9 et design per le mobilier de bureau et bien plus.<\/p>\n","protected":false},"excerpt":{"rendered":"<p>Mobilier de bureau avec solutions de conception. Diff\u00e9rentes les formes et finitions propos\u00e9es, adapt\u00e9es \u00e0 tout type de mobilier ou d\u2019utilisation. Naviguez \u00e0 travers les produits Kastel pour collection, ou explorez les diff\u00e9rentes destionations d&#8217;emploi recommend\u00e9es. Qualit\u00e9 et design per&#8230;<\/p>\n","protected":false},"author":1,"featured_media":0,"parent":0,"menu_order":60,"comment_status":"closed","ping_status":"closed","template":"page-prodotti.php","meta":{"_acf_changed":false,"inline_featured_image":false,"footnotes":""},"class_list":["post-10002","page","type-page","status-publish","hentry"],"acf":[],"yoast_head":"<!-- This site is optimized with the Yoast SEO plugin v26.1.1 - https:\/\/yoast.com\/wordpress\/plugins\/seo\/ -->\n<title>Mobilier de bureau avec solutions de conception - Kastel<\/title>\n<meta name=\"description\" content=\"Mobilier de bureau avec solutions de conception. Diff\u00e9rentes les formes et finitions propos\u00e9es, adapt\u00e9es \u00e0 tout type de mobilier ou d\u2019utilisation.\" \/>\n<meta name=\"robots\" content=\"index, follow, max-snippet:-1, max-image-preview:large, max-video-preview:-1\" \/>\n<link rel=\"canonical\" href=\"https:\/\/www.kastel.it\/fr\/produits-mobilier-bureau-design\/\" \/>\n<meta property=\"og:locale\" content=\"fr_FR\" \/>\n<meta property=\"og:type\" content=\"article\" \/>\n<meta property=\"og:title\" content=\"Mobilier de bureau avec solutions de conception - Kastel\" \/>\n<meta property=\"og:description\" content=\"Mobilier de bureau avec solutions de conception. Diff\u00e9rentes les formes et finitions propos\u00e9es, adapt\u00e9es \u00e0 tout type de mobilier ou d\u2019utilisation.\" \/>\n<meta property=\"og:url\" content=\"https:\/\/www.kastel.it\/fr\/produits-mobilier-bureau-design\/\" \/>\n<meta property=\"og:site_name\" content=\"Kastel\" \/>\n<meta property=\"article:publisher\" content=\"https:\/\/www.facebook.com\/kasteldesignsrl\/\" \/>\n<meta property=\"article:modified_time\" content=\"2021-10-20T11:51:19+00:00\" \/>\n<meta name=\"twitter:card\" content=\"summary_large_image\" \/>\n<meta name=\"twitter:label1\" content=\"Dur\u00e9e de lecture estim\u00e9e\" \/>\n\t<meta name=\"twitter:data1\" content=\"1 minute\" \/>\n<script type=\"application\/ld+json\" class=\"yoast-schema-graph\">{\"@context\":\"https:\/\/schema.org\",\"@graph\":[{\"@type\":\"WebPage\",\"@id\":\"https:\/\/www.kastel.it\/fr\/produits-mobilier-bureau-design\/\",\"url\":\"https:\/\/www.kastel.it\/fr\/produits-mobilier-bureau-design\/\",\"name\":\"Mobilier de bureau avec solutions de conception - Kastel\",\"isPartOf\":{\"@id\":\"https:\/\/www.kastel.it\/fr\/#website\"},\"datePublished\":\"2021-05-27T15:53:31+00:00\",\"dateModified\":\"2021-10-20T11:51:19+00:00\",\"description\":\"Mobilier de bureau avec solutions de conception. Diff\u00e9rentes les formes et finitions propos\u00e9es, adapt\u00e9es \u00e0 tout type de mobilier ou d\u2019utilisation.\",\"inLanguage\":\"fr-FR\",\"potentialAction\":[{\"@type\":\"ReadAction\",\"target\":[\"https:\/\/www.kastel.it\/fr\/produits-mobilier-bureau-design\/\"]}]},{\"@type\":\"WebSite\",\"@id\":\"https:\/\/www.kastel.it\/fr\/#website\",\"url\":\"https:\/\/www.kastel.it\/fr\/\",\"name\":\"Kastel\",\"description\":\"Kastel opera nel settore dell&#039;arredo con produzioni diversificate di sedute per ufficio, comunit\u00e0 e casa. Sedie, tavoli e sgabelli dal design e comfort ricercati.\",\"potentialAction\":[{\"@type\":\"SearchAction\",\"target\":{\"@type\":\"EntryPoint\",\"urlTemplate\":\"https:\/\/www.kastel.it\/fr\/?s={search_term_string}\"},\"query-input\":{\"@type\":\"PropertyValueSpecification\",\"valueRequired\":true,\"valueName\":\"search_term_string\"}}],\"inLanguage\":\"fr-FR\"}]}<\/script>\n<!-- \/ Yoast SEO plugin. -->","yoast_head_json":{"title":"Mobilier de bureau avec solutions de conception - Kastel","description":"Mobilier de bureau avec solutions de conception. Diff\u00e9rentes les formes et finitions propos\u00e9es, adapt\u00e9es \u00e0 tout type de mobilier ou d\u2019utilisation.","robots":{"index":"index","follow":"follow","max-snippet":"max-snippet:-1","max-image-preview":"max-image-preview:large","max-video-preview":"max-video-preview:-1"},"canonical":"https:\/\/www.kastel.it\/fr\/produits-mobilier-bureau-design\/","og_locale":"fr_FR","og_type":"article","og_title":"Mobilier de bureau avec solutions de conception - Kastel","og_description":"Mobilier de bureau avec solutions de conception. Diff\u00e9rentes les formes et finitions propos\u00e9es, adapt\u00e9es \u00e0 tout type de mobilier ou d\u2019utilisation.","og_url":"https:\/\/www.kastel.it\/fr\/produits-mobilier-bureau-design\/","og_site_name":"Kastel","article_publisher":"https:\/\/www.facebook.com\/kasteldesignsrl\/","article_modified_time":"2021-10-20T11:51:19+00:00","twitter_card":"summary_large_image","twitter_misc":{"Dur\u00e9e de lecture estim\u00e9e":"1 minute"},"schema":{"@context":"https:\/\/schema.org","@graph":[{"@type":"WebPage","@id":"https:\/\/www.kastel.it\/fr\/produits-mobilier-bureau-design\/","url":"https:\/\/www.kastel.it\/fr\/produits-mobilier-bureau-design\/","name":"Mobilier de bureau avec solutions de conception - Kastel","isPartOf":{"@id":"https:\/\/www.kastel.it\/fr\/#website"},"datePublished":"2021-05-27T15:53:31+00:00","dateModified":"2021-10-20T11:51:19+00:00","description":"Mobilier de bureau avec solutions de conception. Diff\u00e9rentes les formes et finitions propos\u00e9es, adapt\u00e9es \u00e0 tout type de mobilier ou d\u2019utilisation.","inLanguage":"fr-FR","potentialAction":[{"@type":"ReadAction","target":["https:\/\/www.kastel.it\/fr\/produits-mobilier-bureau-design\/"]}]},{"@type":"WebSite","@id":"https:\/\/www.kastel.it\/fr\/#website","url":"https:\/\/www.kastel.it\/fr\/","name":"Kastel","description":"Kastel opera nel settore dell&#039;arredo con produzioni diversificate di sedute per ufficio, comunit\u00e0 e casa. Sedie, tavoli e sgabelli dal design e comfort ricercati.","potentialAction":[{"@type":"SearchAction","target":{"@type":"EntryPoint","urlTemplate":"https:\/\/www.kastel.it\/fr\/?s={search_term_string}"},"query-input":{"@type":"PropertyValueSpecification","valueRequired":true,"valueName":"search_term_string"}}],"inLanguage":"fr-FR"}]}},"_links":{"self":[{"href":"https:\/\/www.kastel.it\/fr\/wp-json\/wp\/v2\/pages\/10002","targetHints":{"allow":["GET"]}}],"collection":[{"href":"https:\/\/www.kastel.it\/fr\/wp-json\/wp\/v2\/pages"}],"about":[{"href":"https:\/\/www.kastel.it\/fr\/wp-json\/wp\/v2\/types\/page"}],"author":[{"embeddable":true,"href":"https:\/\/www.kastel.it\/fr\/wp-json\/wp\/v2\/users\/1"}],"replies":[{"embeddable":true,"href":"https:\/\/www.kastel.it\/fr\/wp-json\/wp\/v2\/comments?post=10002"}],"version-history":[{"count":0,"href":"https:\/\/www.kastel.it\/fr\/wp-json\/wp\/v2\/pages\/10002\/revisions"}],"wp:attachment":[{"href":"https:\/\/www.kastel.it\/fr\/wp-json\/wp\/v2\/media?parent=10002"}],"curies":[{"name":"wp","href":"https:\/\/api.w.org\/{rel}","templated":true}]}}