{"id":3716,"date":"2013-04-11T16:08:51","date_gmt":"2013-04-11T14:08:51","guid":{"rendered":"https:\/\/www.kastel.it\/fr\/marketing\/"},"modified":"2021-10-11T13:42:59","modified_gmt":"2021-10-11T11:42:59","slug":"marketing-solutions-mobilier-bureau","status":"publish","type":"page","link":"https:\/\/www.kastel.it\/fr\/marketing-solutions-mobilier-bureau\/","title":{"rendered":"Marketing"},"content":{"rendered":"<p>\u00c9tudier les caract\u00e9ristiques sociales et \u00e9conomiques du march\u00e9 du si\u00e8ge (besoins, exigences, tendances). Identifier le type de produit id\u00e9al qui r\u00e9pond \u00e0 ces demandes, soigner la communication ext\u00e9rieure de l\u2019entreprise\u2026 cela est aussi la volont\u00e9 marketing de Kastel s.r.l.<\/p>\n<p>Les strat\u00e9gies de communication naissent de la conviction que Kastel srl en plus de choisir le bon produit, sait aussi le pr\u00e9senter, le diffuser et le promouvoir \u00e0 tous les consommateurs potentiels.<br \/>\nKastel met \u00e0 disposition de ses clients et \u00e0 tous ceux qui souhaitent avoir des informations sur la production de l\u2019entreprise, une documentation papier et sur Internet, afin de vous assurer une communication optimale, et \u00e0 360\u00b0.<\/p>\n","protected":false},"excerpt":{"rendered":"<p>\u00c9tudier les caract\u00e9ristiques sociales et \u00e9conomiques du march\u00e9 du si\u00e8ge (besoins, exigences, tendances). Identifier le type de produit id\u00e9al qui r\u00e9pond \u00e0 ces demandes, soigner la communication ext\u00e9rieure de l\u2019entreprise\u2026 cela est aussi la volont\u00e9 marketing de Kastel s.r.l. Les&#8230;<\/p>\n","protected":false},"author":1,"featured_media":0,"parent":0,"menu_order":110,"comment_status":"closed","ping_status":"closed","template":"","meta":{"_acf_changed":false,"inline_featured_image":false,"footnotes":""},"class_list":["post-3716","page","type-page","status-publish","hentry"],"acf":[],"yoast_head":"<!-- This site is optimized with the Yoast SEO plugin v26.1.1 - https:\/\/yoast.com\/wordpress\/plugins\/seo\/ -->\n<title>Marketing - Kastel<\/title>\n<meta name=\"robots\" content=\"index, follow, max-snippet:-1, max-image-preview:large, max-video-preview:-1\" \/>\n<link rel=\"canonical\" href=\"https:\/\/www.kastel.it\/fr\/marketing-solutions-mobilier-bureau\/\" \/>\n<meta property=\"og:locale\" content=\"fr_FR\" \/>\n<meta property=\"og:type\" content=\"article\" \/>\n<meta property=\"og:title\" content=\"Marketing - Kastel\" \/>\n<meta property=\"og:description\" content=\"\u00c9tudier les caract\u00e9ristiques sociales et \u00e9conomiques du march\u00e9 du si\u00e8ge (besoins, exigences, tendances). Identifier le type de produit id\u00e9al qui r\u00e9pond \u00e0 ces demandes, soigner la communication ext\u00e9rieure de l\u2019entreprise\u2026 cela est aussi la volont\u00e9 marketing de Kastel s.r.l. Les...\" \/>\n<meta property=\"og:url\" content=\"https:\/\/www.kastel.it\/fr\/marketing-solutions-mobilier-bureau\/\" \/>\n<meta property=\"og:site_name\" content=\"Kastel\" \/>\n<meta property=\"article:publisher\" content=\"https:\/\/www.facebook.com\/kasteldesignsrl\/\" \/>\n<meta property=\"article:modified_time\" content=\"2021-10-11T11:42:59+00:00\" \/>\n<meta name=\"twitter:card\" content=\"summary_large_image\" \/>\n<meta name=\"twitter:label1\" content=\"Dur\u00e9e de lecture estim\u00e9e\" \/>\n\t<meta name=\"twitter:data1\" content=\"1 minute\" \/>\n<script type=\"application\/ld+json\" class=\"yoast-schema-graph\">{\"@context\":\"https:\/\/schema.org\",\"@graph\":[{\"@type\":\"WebPage\",\"@id\":\"https:\/\/www.kastel.it\/fr\/marketing-solutions-mobilier-bureau\/\",\"url\":\"https:\/\/www.kastel.it\/fr\/marketing-solutions-mobilier-bureau\/\",\"name\":\"Marketing - Kastel\",\"isPartOf\":{\"@id\":\"https:\/\/www.kastel.it\/fr\/#website\"},\"datePublished\":\"2013-04-11T14:08:51+00:00\",\"dateModified\":\"2021-10-11T11:42:59+00:00\",\"inLanguage\":\"fr-FR\",\"potentialAction\":[{\"@type\":\"ReadAction\",\"target\":[\"https:\/\/www.kastel.it\/fr\/marketing-solutions-mobilier-bureau\/\"]}]},{\"@type\":\"WebSite\",\"@id\":\"https:\/\/www.kastel.it\/fr\/#website\",\"url\":\"https:\/\/www.kastel.it\/fr\/\",\"name\":\"Kastel\",\"description\":\"Kastel opera nel settore dell&#039;arredo con produzioni diversificate di sedute per ufficio, comunit\u00e0 e casa. Sedie, tavoli e sgabelli dal design e comfort ricercati.\",\"potentialAction\":[{\"@type\":\"SearchAction\",\"target\":{\"@type\":\"EntryPoint\",\"urlTemplate\":\"https:\/\/www.kastel.it\/fr\/?s={search_term_string}\"},\"query-input\":{\"@type\":\"PropertyValueSpecification\",\"valueRequired\":true,\"valueName\":\"search_term_string\"}}],\"inLanguage\":\"fr-FR\"}]}<\/script>\n<!-- \/ Yoast SEO plugin. -->","yoast_head_json":{"title":"Marketing - Kastel","robots":{"index":"index","follow":"follow","max-snippet":"max-snippet:-1","max-image-preview":"max-image-preview:large","max-video-preview":"max-video-preview:-1"},"canonical":"https:\/\/www.kastel.it\/fr\/marketing-solutions-mobilier-bureau\/","og_locale":"fr_FR","og_type":"article","og_title":"Marketing - Kastel","og_description":"\u00c9tudier les caract\u00e9ristiques sociales et \u00e9conomiques du march\u00e9 du si\u00e8ge (besoins, exigences, tendances). Identifier le type de produit id\u00e9al qui r\u00e9pond \u00e0 ces demandes, soigner la communication ext\u00e9rieure de l\u2019entreprise\u2026 cela est aussi la volont\u00e9 marketing de Kastel s.r.l. Les...","og_url":"https:\/\/www.kastel.it\/fr\/marketing-solutions-mobilier-bureau\/","og_site_name":"Kastel","article_publisher":"https:\/\/www.facebook.com\/kasteldesignsrl\/","article_modified_time":"2021-10-11T11:42:59+00:00","twitter_card":"summary_large_image","twitter_misc":{"Dur\u00e9e de lecture estim\u00e9e":"1 minute"},"schema":{"@context":"https:\/\/schema.org","@graph":[{"@type":"WebPage","@id":"https:\/\/www.kastel.it\/fr\/marketing-solutions-mobilier-bureau\/","url":"https:\/\/www.kastel.it\/fr\/marketing-solutions-mobilier-bureau\/","name":"Marketing - Kastel","isPartOf":{"@id":"https:\/\/www.kastel.it\/fr\/#website"},"datePublished":"2013-04-11T14:08:51+00:00","dateModified":"2021-10-11T11:42:59+00:00","inLanguage":"fr-FR","potentialAction":[{"@type":"ReadAction","target":["https:\/\/www.kastel.it\/fr\/marketing-solutions-mobilier-bureau\/"]}]},{"@type":"WebSite","@id":"https:\/\/www.kastel.it\/fr\/#website","url":"https:\/\/www.kastel.it\/fr\/","name":"Kastel","description":"Kastel opera nel settore dell&#039;arredo con produzioni diversificate di sedute per ufficio, comunit\u00e0 e casa. Sedie, tavoli e sgabelli dal design e comfort ricercati.","potentialAction":[{"@type":"SearchAction","target":{"@type":"EntryPoint","urlTemplate":"https:\/\/www.kastel.it\/fr\/?s={search_term_string}"},"query-input":{"@type":"PropertyValueSpecification","valueRequired":true,"valueName":"search_term_string"}}],"inLanguage":"fr-FR"}]}},"_links":{"self":[{"href":"https:\/\/www.kastel.it\/fr\/wp-json\/wp\/v2\/pages\/3716","targetHints":{"allow":["GET"]}}],"collection":[{"href":"https:\/\/www.kastel.it\/fr\/wp-json\/wp\/v2\/pages"}],"about":[{"href":"https:\/\/www.kastel.it\/fr\/wp-json\/wp\/v2\/types\/page"}],"author":[{"embeddable":true,"href":"https:\/\/www.kastel.it\/fr\/wp-json\/wp\/v2\/users\/1"}],"replies":[{"embeddable":true,"href":"https:\/\/www.kastel.it\/fr\/wp-json\/wp\/v2\/comments?post=3716"}],"version-history":[{"count":0,"href":"https:\/\/www.kastel.it\/fr\/wp-json\/wp\/v2\/pages\/3716\/revisions"}],"wp:attachment":[{"href":"https:\/\/www.kastel.it\/fr\/wp-json\/wp\/v2\/media?parent=3716"}],"curies":[{"name":"wp","href":"https:\/\/api.w.org\/{rel}","templated":true}]}}