{"id":3720,"date":"2013-04-11T15:10:06","date_gmt":"2013-04-11T13:10:06","guid":{"rendered":"https:\/\/www.kastel.it\/fr\/profilo-aziendale\/"},"modified":"2021-10-11T13:42:58","modified_gmt":"2021-10-11T11:42:58","slug":"profil-dentreprise","status":"publish","type":"page","link":"https:\/\/www.kastel.it\/fr\/profil-dentreprise\/","title":{"rendered":"Profile d&rsquo;entreprise"},"content":{"rendered":"<p>Kastel op\u00e8re avec succ\u00e8s, dans le secteur de la production diversifi\u00e9 de chaises de bureau, pour l\u2019habitat et la communaut\u00e9.<\/p>\n<p>Proposer le confort en conjonction avec le design. C\u2019est la mission de l\u2019entreprise, le principe qui guide chaque \u00e9tape de l\u2019activit\u00e9 de production.<br \/>\nToute proposition Kastel nait d\u2019une analyse approfondie en termes d\u2019ergonomie, le rapport entre l\u2019espace et la forme, le choix des mat\u00e9riaux, le choix des couleurs.<br \/>\nOffrir une fonctionnalit\u00e9 maximale associ\u00e9e \u00e0 une image de grand prestige et de garantir une qualit\u00e9 qui est constante dans l\u2019ex\u00e9cution.<br \/>\nKastel, un point de r\u00e9f\u00e9rence important, cela est devenu m\u00eame une r\u00e9f\u00e9rence de professionnalisme et de comp\u00e9tence. Son personnel, r\u00e9guli\u00e8rement form\u00e9, est en mesure de suivre ce march\u00e9 en constante \u00e9volution.<\/p>\n","protected":false},"excerpt":{"rendered":"<p>Kastel op\u00e8re avec succ\u00e8s, dans le secteur de la production diversifi\u00e9 de chaises de bureau, pour l\u2019habitat et la communaut\u00e9. Proposer le confort en conjonction avec le design. C\u2019est la mission de l\u2019entreprise, le principe qui guide chaque \u00e9tape de&#8230;<\/p>\n","protected":false},"author":1,"featured_media":0,"parent":0,"menu_order":95,"comment_status":"closed","ping_status":"closed","template":"","meta":{"_acf_changed":false,"inline_featured_image":false,"footnotes":""},"class_list":["post-3720","page","type-page","status-publish","hentry"],"acf":[],"yoast_head":"<!-- This site is optimized with the Yoast SEO plugin v26.1.1 - https:\/\/yoast.com\/wordpress\/plugins\/seo\/ -->\n<title>Profile d&#039;entreprise - Kastel<\/title>\n<meta name=\"robots\" content=\"index, follow, max-snippet:-1, max-image-preview:large, max-video-preview:-1\" \/>\n<link rel=\"canonical\" href=\"https:\/\/www.kastel.it\/fr\/profil-dentreprise\/\" \/>\n<meta property=\"og:locale\" content=\"fr_FR\" \/>\n<meta property=\"og:type\" content=\"article\" \/>\n<meta property=\"og:title\" content=\"Profile d&#039;entreprise - Kastel\" \/>\n<meta property=\"og:description\" content=\"Kastel op\u00e8re avec succ\u00e8s, dans le secteur de la production diversifi\u00e9 de chaises de bureau, pour l\u2019habitat et la communaut\u00e9. Proposer le confort en conjonction avec le design. C\u2019est la mission de l\u2019entreprise, le principe qui guide chaque \u00e9tape de...\" \/>\n<meta property=\"og:url\" content=\"https:\/\/www.kastel.it\/fr\/profil-dentreprise\/\" \/>\n<meta property=\"og:site_name\" content=\"Kastel\" \/>\n<meta property=\"article:publisher\" content=\"https:\/\/www.facebook.com\/kasteldesignsrl\/\" \/>\n<meta property=\"article:modified_time\" content=\"2021-10-11T11:42:58+00:00\" \/>\n<meta name=\"twitter:card\" content=\"summary_large_image\" \/>\n<meta name=\"twitter:label1\" content=\"Dur\u00e9e de lecture estim\u00e9e\" \/>\n\t<meta name=\"twitter:data1\" content=\"1 minute\" \/>\n<script type=\"application\/ld+json\" class=\"yoast-schema-graph\">{\"@context\":\"https:\/\/schema.org\",\"@graph\":[{\"@type\":\"WebPage\",\"@id\":\"https:\/\/www.kastel.it\/fr\/profil-dentreprise\/\",\"url\":\"https:\/\/www.kastel.it\/fr\/profil-dentreprise\/\",\"name\":\"Profile d'entreprise - Kastel\",\"isPartOf\":{\"@id\":\"https:\/\/www.kastel.it\/fr\/#website\"},\"datePublished\":\"2013-04-11T13:10:06+00:00\",\"dateModified\":\"2021-10-11T11:42:58+00:00\",\"inLanguage\":\"fr-FR\",\"potentialAction\":[{\"@type\":\"ReadAction\",\"target\":[\"https:\/\/www.kastel.it\/fr\/profil-dentreprise\/\"]}]},{\"@type\":\"WebSite\",\"@id\":\"https:\/\/www.kastel.it\/fr\/#website\",\"url\":\"https:\/\/www.kastel.it\/fr\/\",\"name\":\"Kastel\",\"description\":\"Kastel opera nel settore dell&#039;arredo con produzioni diversificate di sedute per ufficio, comunit\u00e0 e casa. Sedie, tavoli e sgabelli dal design e comfort ricercati.\",\"potentialAction\":[{\"@type\":\"SearchAction\",\"target\":{\"@type\":\"EntryPoint\",\"urlTemplate\":\"https:\/\/www.kastel.it\/fr\/?s={search_term_string}\"},\"query-input\":{\"@type\":\"PropertyValueSpecification\",\"valueRequired\":true,\"valueName\":\"search_term_string\"}}],\"inLanguage\":\"fr-FR\"}]}<\/script>\n<!-- \/ Yoast SEO plugin. -->","yoast_head_json":{"title":"Profile d'entreprise - Kastel","robots":{"index":"index","follow":"follow","max-snippet":"max-snippet:-1","max-image-preview":"max-image-preview:large","max-video-preview":"max-video-preview:-1"},"canonical":"https:\/\/www.kastel.it\/fr\/profil-dentreprise\/","og_locale":"fr_FR","og_type":"article","og_title":"Profile d'entreprise - Kastel","og_description":"Kastel op\u00e8re avec succ\u00e8s, dans le secteur de la production diversifi\u00e9 de chaises de bureau, pour l\u2019habitat et la communaut\u00e9. Proposer le confort en conjonction avec le design. C\u2019est la mission de l\u2019entreprise, le principe qui guide chaque \u00e9tape de...","og_url":"https:\/\/www.kastel.it\/fr\/profil-dentreprise\/","og_site_name":"Kastel","article_publisher":"https:\/\/www.facebook.com\/kasteldesignsrl\/","article_modified_time":"2021-10-11T11:42:58+00:00","twitter_card":"summary_large_image","twitter_misc":{"Dur\u00e9e de lecture estim\u00e9e":"1 minute"},"schema":{"@context":"https:\/\/schema.org","@graph":[{"@type":"WebPage","@id":"https:\/\/www.kastel.it\/fr\/profil-dentreprise\/","url":"https:\/\/www.kastel.it\/fr\/profil-dentreprise\/","name":"Profile d'entreprise - Kastel","isPartOf":{"@id":"https:\/\/www.kastel.it\/fr\/#website"},"datePublished":"2013-04-11T13:10:06+00:00","dateModified":"2021-10-11T11:42:58+00:00","inLanguage":"fr-FR","potentialAction":[{"@type":"ReadAction","target":["https:\/\/www.kastel.it\/fr\/profil-dentreprise\/"]}]},{"@type":"WebSite","@id":"https:\/\/www.kastel.it\/fr\/#website","url":"https:\/\/www.kastel.it\/fr\/","name":"Kastel","description":"Kastel opera nel settore dell&#039;arredo con produzioni diversificate di sedute per ufficio, comunit\u00e0 e casa. Sedie, tavoli e sgabelli dal design e comfort ricercati.","potentialAction":[{"@type":"SearchAction","target":{"@type":"EntryPoint","urlTemplate":"https:\/\/www.kastel.it\/fr\/?s={search_term_string}"},"query-input":{"@type":"PropertyValueSpecification","valueRequired":true,"valueName":"search_term_string"}}],"inLanguage":"fr-FR"}]}},"_links":{"self":[{"href":"https:\/\/www.kastel.it\/fr\/wp-json\/wp\/v2\/pages\/3720","targetHints":{"allow":["GET"]}}],"collection":[{"href":"https:\/\/www.kastel.it\/fr\/wp-json\/wp\/v2\/pages"}],"about":[{"href":"https:\/\/www.kastel.it\/fr\/wp-json\/wp\/v2\/types\/page"}],"author":[{"embeddable":true,"href":"https:\/\/www.kastel.it\/fr\/wp-json\/wp\/v2\/users\/1"}],"replies":[{"embeddable":true,"href":"https:\/\/www.kastel.it\/fr\/wp-json\/wp\/v2\/comments?post=3720"}],"version-history":[{"count":0,"href":"https:\/\/www.kastel.it\/fr\/wp-json\/wp\/v2\/pages\/3720\/revisions"}],"wp:attachment":[{"href":"https:\/\/www.kastel.it\/fr\/wp-json\/wp\/v2\/media?parent=3720"}],"curies":[{"name":"wp","href":"https:\/\/api.w.org\/{rel}","templated":true}]}}