{"id":9995,"date":"2021-07-20T15:36:02","date_gmt":"2021-07-20T13:36:02","guid":{"rendered":"https:\/\/www.kastel.it\/scheda-tecnica-prodotto-e-manutenzione\/"},"modified":"2023-01-16T10:25:37","modified_gmt":"2023-01-16T09:25:37","slug":"fiche-technique-produit-et-maintenance","status":"publish","type":"page","link":"https:\/\/www.kastel.it\/fr\/fiche-technique-produit-et-maintenance\/","title":{"rendered":"Utilitaires"},"content":{"rendered":"<p>T\u00e9l\u00e9charger la fiche technique de la si\u00e8ge, les conseils pour l&rsquo;entretien des si\u00e8ges, tabourets et canap\u00e9s ou la notice de montage des fauteuils operatifs ou direction.<\/p>\n","protected":false},"excerpt":{"rendered":"<p>T\u00e9l\u00e9charger la fiche technique de la si\u00e8ge, les conseils pour l&rsquo;entretien des si\u00e8ges, tabourets et canap\u00e9s ou la notice de montage des fauteuils operatifs ou direction.<\/p>\n","protected":false},"author":1,"featured_media":0,"parent":0,"menu_order":25,"comment_status":"closed","ping_status":"closed","template":"page-utilities.php","meta":{"_acf_changed":false,"inline_featured_image":false,"footnotes":""},"class_list":["post-9995","page","type-page","status-publish","hentry"],"acf":[],"yoast_head":"<!-- This site is optimized with the Yoast SEO plugin v26.1.1 - https:\/\/yoast.com\/wordpress\/plugins\/seo\/ -->\n<title>Fiche technique et maintenance Kastel - Kastel<\/title>\n<meta name=\"description\" content=\"T\u00e9l\u00e9charger la fiche produit de la si\u00e8ge, les conseils pour l&#039;entretien des si\u00e8gs, tabourets et canap\u00e9s ou la notice de montage.\" \/>\n<meta name=\"robots\" content=\"index, follow, max-snippet:-1, max-image-preview:large, max-video-preview:-1\" \/>\n<link rel=\"canonical\" href=\"https:\/\/www.kastel.it\/fr\/fiche-technique-produit-et-maintenance\/\" \/>\n<meta property=\"og:locale\" content=\"fr_FR\" \/>\n<meta property=\"og:type\" content=\"article\" \/>\n<meta property=\"og:title\" content=\"Fiche technique et maintenance Kastel - Kastel\" \/>\n<meta property=\"og:description\" content=\"T\u00e9l\u00e9charger la fiche produit de la si\u00e8ge, les conseils pour l&#039;entretien des si\u00e8gs, tabourets et canap\u00e9s ou la notice de montage.\" \/>\n<meta property=\"og:url\" content=\"https:\/\/www.kastel.it\/fr\/fiche-technique-produit-et-maintenance\/\" \/>\n<meta property=\"og:site_name\" content=\"Kastel\" \/>\n<meta property=\"article:publisher\" content=\"https:\/\/www.facebook.com\/kasteldesignsrl\/\" \/>\n<meta property=\"article:modified_time\" content=\"2023-01-16T09:25:37+00:00\" \/>\n<meta name=\"twitter:card\" content=\"summary_large_image\" \/>\n<meta name=\"twitter:label1\" content=\"Dur\u00e9e de lecture estim\u00e9e\" \/>\n\t<meta name=\"twitter:data1\" content=\"1 minute\" \/>\n<script type=\"application\/ld+json\" class=\"yoast-schema-graph\">{\"@context\":\"https:\/\/schema.org\",\"@graph\":[{\"@type\":\"WebPage\",\"@id\":\"https:\/\/www.kastel.it\/fr\/fiche-technique-produit-et-maintenance\/\",\"url\":\"https:\/\/www.kastel.it\/fr\/fiche-technique-produit-et-maintenance\/\",\"name\":\"Fiche technique et maintenance Kastel - Kastel\",\"isPartOf\":{\"@id\":\"https:\/\/www.kastel.it\/fr\/#website\"},\"datePublished\":\"2021-07-20T13:36:02+00:00\",\"dateModified\":\"2023-01-16T09:25:37+00:00\",\"description\":\"T\u00e9l\u00e9charger la fiche produit de la si\u00e8ge, les conseils pour l'entretien des si\u00e8gs, tabourets et canap\u00e9s ou la notice de montage.\",\"inLanguage\":\"fr-FR\",\"potentialAction\":[{\"@type\":\"ReadAction\",\"target\":[\"https:\/\/www.kastel.it\/fr\/fiche-technique-produit-et-maintenance\/\"]}]},{\"@type\":\"WebSite\",\"@id\":\"https:\/\/www.kastel.it\/fr\/#website\",\"url\":\"https:\/\/www.kastel.it\/fr\/\",\"name\":\"Kastel\",\"description\":\"Kastel opera nel settore dell&#039;arredo con produzioni diversificate di sedute per ufficio, comunit\u00e0 e casa. Sedie, tavoli e sgabelli dal design e comfort ricercati.\",\"potentialAction\":[{\"@type\":\"SearchAction\",\"target\":{\"@type\":\"EntryPoint\",\"urlTemplate\":\"https:\/\/www.kastel.it\/fr\/?s={search_term_string}\"},\"query-input\":{\"@type\":\"PropertyValueSpecification\",\"valueRequired\":true,\"valueName\":\"search_term_string\"}}],\"inLanguage\":\"fr-FR\"}]}<\/script>\n<!-- \/ Yoast SEO plugin. -->","yoast_head_json":{"title":"Fiche technique et maintenance Kastel - Kastel","description":"T\u00e9l\u00e9charger la fiche produit de la si\u00e8ge, les conseils pour l'entretien des si\u00e8gs, tabourets et canap\u00e9s ou la notice de montage.","robots":{"index":"index","follow":"follow","max-snippet":"max-snippet:-1","max-image-preview":"max-image-preview:large","max-video-preview":"max-video-preview:-1"},"canonical":"https:\/\/www.kastel.it\/fr\/fiche-technique-produit-et-maintenance\/","og_locale":"fr_FR","og_type":"article","og_title":"Fiche technique et maintenance Kastel - Kastel","og_description":"T\u00e9l\u00e9charger la fiche produit de la si\u00e8ge, les conseils pour l'entretien des si\u00e8gs, tabourets et canap\u00e9s ou la notice de montage.","og_url":"https:\/\/www.kastel.it\/fr\/fiche-technique-produit-et-maintenance\/","og_site_name":"Kastel","article_publisher":"https:\/\/www.facebook.com\/kasteldesignsrl\/","article_modified_time":"2023-01-16T09:25:37+00:00","twitter_card":"summary_large_image","twitter_misc":{"Dur\u00e9e de lecture estim\u00e9e":"1 minute"},"schema":{"@context":"https:\/\/schema.org","@graph":[{"@type":"WebPage","@id":"https:\/\/www.kastel.it\/fr\/fiche-technique-produit-et-maintenance\/","url":"https:\/\/www.kastel.it\/fr\/fiche-technique-produit-et-maintenance\/","name":"Fiche technique et maintenance Kastel - Kastel","isPartOf":{"@id":"https:\/\/www.kastel.it\/fr\/#website"},"datePublished":"2021-07-20T13:36:02+00:00","dateModified":"2023-01-16T09:25:37+00:00","description":"T\u00e9l\u00e9charger la fiche produit de la si\u00e8ge, les conseils pour l'entretien des si\u00e8gs, tabourets et canap\u00e9s ou la notice de montage.","inLanguage":"fr-FR","potentialAction":[{"@type":"ReadAction","target":["https:\/\/www.kastel.it\/fr\/fiche-technique-produit-et-maintenance\/"]}]},{"@type":"WebSite","@id":"https:\/\/www.kastel.it\/fr\/#website","url":"https:\/\/www.kastel.it\/fr\/","name":"Kastel","description":"Kastel opera nel settore dell&#039;arredo con produzioni diversificate di sedute per ufficio, comunit\u00e0 e casa. Sedie, tavoli e sgabelli dal design e comfort ricercati.","potentialAction":[{"@type":"SearchAction","target":{"@type":"EntryPoint","urlTemplate":"https:\/\/www.kastel.it\/fr\/?s={search_term_string}"},"query-input":{"@type":"PropertyValueSpecification","valueRequired":true,"valueName":"search_term_string"}}],"inLanguage":"fr-FR"}]}},"_links":{"self":[{"href":"https:\/\/www.kastel.it\/fr\/wp-json\/wp\/v2\/pages\/9995","targetHints":{"allow":["GET"]}}],"collection":[{"href":"https:\/\/www.kastel.it\/fr\/wp-json\/wp\/v2\/pages"}],"about":[{"href":"https:\/\/www.kastel.it\/fr\/wp-json\/wp\/v2\/types\/page"}],"author":[{"embeddable":true,"href":"https:\/\/www.kastel.it\/fr\/wp-json\/wp\/v2\/users\/1"}],"replies":[{"embeddable":true,"href":"https:\/\/www.kastel.it\/fr\/wp-json\/wp\/v2\/comments?post=9995"}],"version-history":[{"count":0,"href":"https:\/\/www.kastel.it\/fr\/wp-json\/wp\/v2\/pages\/9995\/revisions"}],"wp:attachment":[{"href":"https:\/\/www.kastel.it\/fr\/wp-json\/wp\/v2\/media?parent=9995"}],"curies":[{"name":"wp","href":"https:\/\/api.w.org\/{rel}","templated":true}]}}